{"id":1090,"date":"2023-09-05T15:24:09","date_gmt":"2023-09-05T15:24:09","guid":{"rendered":"https:\/\/caequinoxe66.com\/?page_id=1090"},"modified":"2023-09-05T15:31:13","modified_gmt":"2023-09-05T15:31:13","slug":"mentions-legales","status":"publish","type":"page","link":"https:\/\/caequinoxe66.com\/es\/mentions-legales\/","title":{"rendered":"Menciones legales"},"content":{"rendered":"<h2 class=\"wp-block-heading has-text-align-center has-large-font-size\"><strong>Menciones legales <\/strong><\/h2>\n\n\n\n<p>Au regard de la\u00a0<a href=\"https:\/\/fr.wikipedia.org\/wiki\/Loi_pour_la_confiance_dans_l%27%C3%A9conomie_num%C3%A9rique\" target=\"_blank\" rel=\"noreferrer noopener\">loi sur la confiance en l\u2019\u00e9conomie num\u00e9rique (LCEN) du 21 juin 2004<\/a>. Les mentions l\u00e9gales permettent d\u2019identifier facilement les responsables du site. Cette volont\u00e9 de transparence garantit ainsi \u00e0 chacun de pouvoir contacter son propri\u00e9taire en cas de probl\u00e8me ou litige.<\/p>\n\n\n\n<p class=\"has-medium-font-size\"><strong>\u00c9diteur du site internet<\/strong><\/p>\n\n\n\n<p>CENTRE D&rsquo;AFFAIRES EQUINOXE, SARL au capital de 1000\u20ac inscrite au RCS de Perpignan <\/p>\n\n\n\n<p>Num\u00e9ro SIRET : 78859298800018<\/p>\n\n\n\n<p>Si\u00e8ge social : 5 rue du Moulinas, 66330 CABESTANY<\/p>\n\n\n\n<p>Ayant obtenu l&rsquo;agr\u00e9ment pr\u00e9fectoral n\u00b02018313-0001.<\/p>\n\n\n\n<p>Code APE : 8211Z<\/p>\n\n\n\n<p>Num\u00e9ro de TVA intracommunautaire : FR95788592988<\/p>\n\n\n\n<p>Adresse de messagerie : equinoxe66@wanadoo.fr<\/p>\n\n\n\n<p>T\u00e9l : 04 68 67 33 21 <\/p>\n\n\n\n<p>Responsable de publication : VALLON Marina<\/p>\n\n\n\n<p class=\"has-medium-font-size\"><strong>Propri\u00e9t\u00e9 intellectuelle<\/strong><\/p>\n\n\n\n<p>L\u2019ensemble de ce site rel\u00e8ve des l\u00e9gislations Fran\u00e7aises et internationales sur le droit d\u2019auteur et la propri\u00e9t\u00e9 intellectuelle. Tous les droits de reproduction sont r\u00e9serv\u00e9s, y compris pour les documents iconographiques et photographiques.<\/p>\n\n\n\n<p class=\"has-medium-font-size\"><strong>H\u00e9bergeur<\/strong><\/p>\n\n\n\n<p>Le site https:\/\/caequinoxe66.com\/ est h\u00e9berg\u00e9 par IONOS<\/p>\n\n\n\n<p>Dont le si\u00e8ge social est situ\u00e9 7 PL DE LA GARE &#8211; 57200 SARREGUEMINES<\/p>\n\n\n\n<p><\/p>\n\n\n\n<p>Num\u00e9ro SIRET : 43130377500016<\/p>\n\n\n\n<p>T\u00e9l : <a href=\"tel:0970 808 911\">0970 808 911<\/a><\/p>\n\n\n\n<p class=\"has-medium-font-size\"><\/p>","protected":false},"excerpt":{"rendered":"<p>Mentions l\u00e9gales Au regard de la\u00a0loi sur la confiance en l\u2019\u00e9conomie num\u00e9rique (LCEN) du 21 juin 2004. Les mentions l\u00e9gales permettent d\u2019identifier facilement les responsables du site. Cette volont\u00e9 de transparence garantit ainsi \u00e0 chacun de pouvoir contacter son propri\u00e9taire en cas de probl\u00e8me ou litige. \u00c9diteur du site internet CENTRE D&rsquo;AFFAIRES EQUINOXE, SARL au [&hellip;]<\/p>","protected":false},"author":1,"featured_media":0,"parent":0,"menu_order":0,"comment_status":"closed","ping_status":"closed","template":"","meta":{"footnotes":""},"class_list":["post-1090","page","type-page","status-publish","hentry","entry"],"yoast_head":"<!-- This site is optimized with the Yoast SEO plugin v24.3 - https:\/\/yoast.com\/wordpress\/plugins\/seo\/ -->\n<title>Mentions l\u00e9gales - CA Equinoxe<\/title>\n<meta name=\"robots\" content=\"index, follow, max-snippet:-1, max-image-preview:large, max-video-preview:-1\" \/>\n<link rel=\"canonical\" href=\"https:\/\/caequinoxe66.com\/es\/mentions-legales\/\" \/>\n<meta property=\"og:locale\" content=\"es_ES\" \/>\n<meta property=\"og:type\" content=\"article\" \/>\n<meta property=\"og:title\" content=\"Mentions l\u00e9gales - CA Equinoxe\" \/>\n<meta property=\"og:description\" content=\"Mentions l\u00e9gales Au regard de la\u00a0loi sur la confiance en l\u2019\u00e9conomie num\u00e9rique (LCEN) du 21 juin 2004. Les mentions l\u00e9gales permettent d\u2019identifier facilement les responsables du site. Cette volont\u00e9 de transparence garantit ainsi \u00e0 chacun de pouvoir contacter son propri\u00e9taire en cas de probl\u00e8me ou litige. \u00c9diteur du site internet CENTRE D&rsquo;AFFAIRES EQUINOXE, SARL au [&hellip;]\" \/>\n<meta property=\"og:url\" content=\"https:\/\/caequinoxe66.com\/es\/mentions-legales\/\" \/>\n<meta property=\"og:site_name\" content=\"CA Equinoxe\" \/>\n<meta property=\"article:publisher\" content=\"https:\/\/www.facebook.com\/profile.php?id=100064032933552\" \/>\n<meta property=\"article:modified_time\" content=\"2023-09-05T15:31:13+00:00\" \/>\n<meta name=\"twitter:card\" content=\"summary_large_image\" \/>\n<meta name=\"twitter:label1\" content=\"Tiempo de lectura\" \/>\n\t<meta name=\"twitter:data1\" content=\"1 minuto\" \/>\n<script type=\"application\/ld+json\" class=\"yoast-schema-graph\">{\"@context\":\"https:\/\/schema.org\",\"@graph\":[{\"@type\":\"WebPage\",\"@id\":\"https:\/\/caequinoxe66.com\/mentions-legales\/\",\"url\":\"https:\/\/caequinoxe66.com\/mentions-legales\/\",\"name\":\"Mentions l\u00e9gales - CA Equinoxe\",\"isPartOf\":{\"@id\":\"https:\/\/caequinoxe66.com\/#website\"},\"datePublished\":\"2023-09-05T15:24:09+00:00\",\"dateModified\":\"2023-09-05T15:31:13+00:00\",\"breadcrumb\":{\"@id\":\"https:\/\/caequinoxe66.com\/mentions-legales\/#breadcrumb\"},\"inLanguage\":\"es\",\"potentialAction\":[{\"@type\":\"ReadAction\",\"target\":[\"https:\/\/caequinoxe66.com\/mentions-legales\/\"]}]},{\"@type\":\"BreadcrumbList\",\"@id\":\"https:\/\/caequinoxe66.com\/mentions-legales\/#breadcrumb\",\"itemListElement\":[{\"@type\":\"ListItem\",\"position\":1,\"name\":\"Accueil\",\"item\":\"https:\/\/caequinoxe66.com\/\"},{\"@type\":\"ListItem\",\"position\":2,\"name\":\"Mentions l\u00e9gales\"}]},{\"@type\":\"WebSite\",\"@id\":\"https:\/\/caequinoxe66.com\/#website\",\"url\":\"https:\/\/caequinoxe66.com\/\",\"name\":\"CA Equinoxe\",\"description\":\"Centre d&#039;Affaires Equinoxe\",\"publisher\":{\"@id\":\"https:\/\/caequinoxe66.com\/#organization\"},\"potentialAction\":[{\"@type\":\"SearchAction\",\"target\":{\"@type\":\"EntryPoint\",\"urlTemplate\":\"https:\/\/caequinoxe66.com\/?s={search_term_string}\"},\"query-input\":{\"@type\":\"PropertyValueSpecification\",\"valueRequired\":true,\"valueName\":\"search_term_string\"}}],\"inLanguage\":\"es\"},{\"@type\":\"Organization\",\"@id\":\"https:\/\/caequinoxe66.com\/#organization\",\"name\":\"Centre d'affaires Equinoxe\",\"url\":\"https:\/\/caequinoxe66.com\/\",\"logo\":{\"@type\":\"ImageObject\",\"inLanguage\":\"es\",\"@id\":\"https:\/\/caequinoxe66.com\/#\/schema\/logo\/image\/\",\"url\":\"https:\/\/caequinoxe66.com\/wp-content\/uploads\/2023\/07\/cropped-1.png\",\"contentUrl\":\"https:\/\/caequinoxe66.com\/wp-content\/uploads\/2023\/07\/cropped-1.png\",\"width\":222,\"height\":272,\"caption\":\"Centre d'affaires Equinoxe\"},\"image\":{\"@id\":\"https:\/\/caequinoxe66.com\/#\/schema\/logo\/image\/\"},\"sameAs\":[\"https:\/\/www.facebook.com\/profile.php?id=100064032933552\",\"https:\/\/www.instagram.com\/centredaffairesequinoxe\/\"]}]}<\/script>\n<!-- \/ Yoast SEO plugin. -->","yoast_head_json":{"title":"Mentions l\u00e9gales - CA Equinoxe","robots":{"index":"index","follow":"follow","max-snippet":"max-snippet:-1","max-image-preview":"max-image-preview:large","max-video-preview":"max-video-preview:-1"},"canonical":"https:\/\/caequinoxe66.com\/es\/mentions-legales\/","og_locale":"es_ES","og_type":"article","og_title":"Mentions l\u00e9gales - CA Equinoxe","og_description":"Mentions l\u00e9gales Au regard de la\u00a0loi sur la confiance en l\u2019\u00e9conomie num\u00e9rique (LCEN) du 21 juin 2004. Les mentions l\u00e9gales permettent d\u2019identifier facilement les responsables du site. Cette volont\u00e9 de transparence garantit ainsi \u00e0 chacun de pouvoir contacter son propri\u00e9taire en cas de probl\u00e8me ou litige. \u00c9diteur du site internet CENTRE D&rsquo;AFFAIRES EQUINOXE, SARL au [&hellip;]","og_url":"https:\/\/caequinoxe66.com\/es\/mentions-legales\/","og_site_name":"CA Equinoxe","article_publisher":"https:\/\/www.facebook.com\/profile.php?id=100064032933552","article_modified_time":"2023-09-05T15:31:13+00:00","twitter_card":"summary_large_image","twitter_misc":{"Tiempo de lectura":"1 minuto"},"schema":{"@context":"https:\/\/schema.org","@graph":[{"@type":"WebPage","@id":"https:\/\/caequinoxe66.com\/mentions-legales\/","url":"https:\/\/caequinoxe66.com\/mentions-legales\/","name":"Mentions l\u00e9gales - CA Equinoxe","isPartOf":{"@id":"https:\/\/caequinoxe66.com\/#website"},"datePublished":"2023-09-05T15:24:09+00:00","dateModified":"2023-09-05T15:31:13+00:00","breadcrumb":{"@id":"https:\/\/caequinoxe66.com\/mentions-legales\/#breadcrumb"},"inLanguage":"es","potentialAction":[{"@type":"ReadAction","target":["https:\/\/caequinoxe66.com\/mentions-legales\/"]}]},{"@type":"BreadcrumbList","@id":"https:\/\/caequinoxe66.com\/mentions-legales\/#breadcrumb","itemListElement":[{"@type":"ListItem","position":1,"name":"Accueil","item":"https:\/\/caequinoxe66.com\/"},{"@type":"ListItem","position":2,"name":"Mentions l\u00e9gales"}]},{"@type":"WebSite","@id":"https:\/\/caequinoxe66.com\/#website","url":"https:\/\/caequinoxe66.com\/","name":"CA Equinoxe","description":"Centre d&#039;Affaires Equinoxe","publisher":{"@id":"https:\/\/caequinoxe66.com\/#organization"},"potentialAction":[{"@type":"SearchAction","target":{"@type":"EntryPoint","urlTemplate":"https:\/\/caequinoxe66.com\/?s={search_term_string}"},"query-input":{"@type":"PropertyValueSpecification","valueRequired":true,"valueName":"search_term_string"}}],"inLanguage":"es"},{"@type":"Organization","@id":"https:\/\/caequinoxe66.com\/#organization","name":"Centre d'affaires Equinoxe","url":"https:\/\/caequinoxe66.com\/","logo":{"@type":"ImageObject","inLanguage":"es","@id":"https:\/\/caequinoxe66.com\/#\/schema\/logo\/image\/","url":"https:\/\/caequinoxe66.com\/wp-content\/uploads\/2023\/07\/cropped-1.png","contentUrl":"https:\/\/caequinoxe66.com\/wp-content\/uploads\/2023\/07\/cropped-1.png","width":222,"height":272,"caption":"Centre d'affaires Equinoxe"},"image":{"@id":"https:\/\/caequinoxe66.com\/#\/schema\/logo\/image\/"},"sameAs":["https:\/\/www.facebook.com\/profile.php?id=100064032933552","https:\/\/www.instagram.com\/centredaffairesequinoxe\/"]}]}},"_links":{"self":[{"href":"https:\/\/caequinoxe66.com\/es\/wp-json\/wp\/v2\/pages\/1090","targetHints":{"allow":["GET"]}}],"collection":[{"href":"https:\/\/caequinoxe66.com\/es\/wp-json\/wp\/v2\/pages"}],"about":[{"href":"https:\/\/caequinoxe66.com\/es\/wp-json\/wp\/v2\/types\/page"}],"author":[{"embeddable":true,"href":"https:\/\/caequinoxe66.com\/es\/wp-json\/wp\/v2\/users\/1"}],"replies":[{"embeddable":true,"href":"https:\/\/caequinoxe66.com\/es\/wp-json\/wp\/v2\/comments?post=1090"}],"version-history":[{"count":2,"href":"https:\/\/caequinoxe66.com\/es\/wp-json\/wp\/v2\/pages\/1090\/revisions"}],"predecessor-version":[{"id":1107,"href":"https:\/\/caequinoxe66.com\/es\/wp-json\/wp\/v2\/pages\/1090\/revisions\/1107"}],"wp:attachment":[{"href":"https:\/\/caequinoxe66.com\/es\/wp-json\/wp\/v2\/media?parent=1090"}],"curies":[{"name":"wp","href":"https:\/\/api.w.org\/{rel}","templated":true}]}}