{"id":1238,"date":"2023-10-20T10:02:44","date_gmt":"2023-10-20T10:02:44","guid":{"rendered":"https:\/\/caequinoxe66.com\/?page_id=1238"},"modified":"2023-10-23T08:10:35","modified_gmt":"2023-10-23T08:10:35","slug":"avis-clients","status":"publish","type":"page","link":"https:\/\/caequinoxe66.com\/es\/avis-clients\/","title":{"rendered":"Opiniones de clientes"},"content":{"rendered":"<div data-elementor-type=\"wp-page\" data-elementor-id=\"1238\" class=\"elementor elementor-1238\">\n\t\t\t\t\t\t<section class=\"elementor-section elementor-top-section elementor-element elementor-element-481cf036 elementor-section-boxed elementor-section-height-default elementor-section-height-default\" data-id=\"481cf036\" data-element_type=\"section\">\n\t\t\t\t\t\t<div class=\"elementor-container elementor-column-gap-default\">\n\t\t\t\t\t<div class=\"elementor-column elementor-col-100 elementor-top-column elementor-element elementor-element-1c2a305a\" data-id=\"1c2a305a\" data-element_type=\"column\">\n\t\t\t<div class=\"elementor-widget-wrap elementor-element-populated\">\n\t\t\t\t\t\t<div class=\"elementor-element elementor-element-f57e8df elementor-widget elementor-widget-heading\" data-id=\"f57e8df\" data-element_type=\"widget\" data-widget_type=\"heading.default\">\n\t\t\t\t<div class=\"elementor-widget-container\">\n\t\t\t\t\t<h2 class=\"elementor-heading-title elementor-size-default\">LA OPINI\u00d3N DE NUESTROS CLIENTES: SU OPINI\u00d3N CUENTA<\/h2>\t\t\t\t<\/div>\n\t\t\t\t<\/div>\n\t\t\t\t<div class=\"elementor-element elementor-element-12051012 elementor-widget elementor-widget-text-editor\" data-id=\"12051012\" data-element_type=\"widget\" data-widget_type=\"text-editor.default\">\n\t\t\t\t<div class=\"elementor-widget-container\">\n\t\t\t\t\t\t\t\t\t<pre class=\"ti-widget\" style=\"display: none\"><template id=\"trustindex-google-widget-html\"><div class=\"ti-widget ti-goog ti-show-rating-text ti-review-text-mode-readmore ti-text-align-left\" data-no-translation=\"true\" data-layout-id=\"34\" data-layout-category=\"slider\" data-set-id=\"drop-shadow\" data-pid=\"\" data-language=\"fr\" data-review-target-width=\"300\" data-css-version=\"2\" data-review-text-mode=\"readmore\" data-reply-by-locale=\"R\u00e9ponse du propri\u00e9taire\" data-pager-autoplay-timeout=\"6\" > <div class=\"ti-widget-container ti-col-3\"> <div class=\"ti-header source-Google\"> <div class=\"ti-rating-text\"> <strong class=\"ti-rating ti-rating-large\"> EXCELLENT <\/strong> <\/div> <span class=\"ti-stars star-lg\"><trustindex-image class=\"ti-star\" data-imgurl=\"https:\/\/cdn.trustindex.io\/assets\/platform\/Google\/star\/f.svg\" alt=\"Google\" width=\"17\" height=\"17\" loading=\"lazy\" ><\/trustindex-image><trustindex-image class=\"ti-star\" data-imgurl=\"https:\/\/cdn.trustindex.io\/assets\/platform\/Google\/star\/f.svg\" alt=\"Google\" width=\"17\" height=\"17\" loading=\"lazy\" ><\/trustindex-image><trustindex-image class=\"ti-star\" data-imgurl=\"https:\/\/cdn.trustindex.io\/assets\/platform\/Google\/star\/f.svg\" alt=\"Google\" width=\"17\" height=\"17\" loading=\"lazy\" ><\/trustindex-image><trustindex-image class=\"ti-star\" data-imgurl=\"https:\/\/cdn.trustindex.io\/assets\/platform\/Google\/star\/f.svg\" alt=\"Google\" width=\"17\" height=\"17\" loading=\"lazy\" ><\/trustindex-image><trustindex-image class=\"ti-star\" data-imgurl=\"https:\/\/cdn.trustindex.io\/assets\/platform\/Google\/star\/h.svg\" alt=\"Google\" width=\"17\" height=\"17\" loading=\"lazy\" ><\/trustindex-image><\/span> <div class=\"ti-rating-text\"> <span class=\"nowrap\">Bas\u00e9e sur <strong>49 avis<\/strong><\/span> <\/div> <div class=\"ti-large-logo\"> <div class=\"ti-v-center\"> <trustindex-image class=\"ti-logo-fb\" data-imgurl=\"https:\/\/cdn.trustindex.io\/assets\/platform\/Google\/logo.svg\" width=\"150\" height=\"25\" loading=\"lazy\" alt=\"Google\" ><\/trustindex-image> <\/div> <\/div> <\/div> <div class=\"ti-reviews-container\"> <div class=\"ti-controls\"> <div class=\"ti-next\" aria-label=\"Avis suivante\" role=\"button\"><\/div> <div class=\"ti-prev\" aria-label=\"Avis pr\u00e9c\u00e9dent\" role=\"button\"><\/div> <\/div> <div class=\"ti-reviews-container-wrapper\">  <div data-empty=\"0\" class=\"ti-review-item source-Google ti-image-layout-thumbnail\" data-id=\"cfcd208495d565ef66e7dff9f98764da\" > <div class=\"ti-inner\"> <div class=\"ti-review-header\"> <trustindex-image class=\"ti-platform-icon\" data-imgurl=\"https:\/\/cdn.trustindex.io\/assets\/platform\/Google\/icon.svg\" alt=\"Google\" width=\"20\" height=\"20\" loading=\"lazy\" ><\/trustindex-image> <div class=\"ti-profile-img\"> <trustindex-image data-imgurl=\"https:\/\/lh3.googleusercontent.com\/a\/ACg8ocJPqpc7oGw7e7wshP3tDgXq9aUVO2KPKSPHDt-FMCRkDO_C-g=w40-h40-c-rp-mo-br100\" data-imgurlset=\"https:\/\/lh3.googleusercontent.com\/a\/ACg8ocJPqpc7oGw7e7wshP3tDgXq9aUVO2KPKSPHDt-FMCRkDO_C-g=w80-h80-c-rp-mo-br100 2x\" alt=\"Thierry Mazue\" loading=\"lazy\" ><\/trustindex-image> <\/div> <div class=\"ti-profile-details\"> <div class=\"ti-name\"> Thierry Mazue <\/div> <div class=\"ti-date\">2024-10-17<\/div> <\/div> <\/div> <span class=\"ti-stars\"><trustindex-image class=\"ti-star\" data-imgurl=\"https:\/\/cdn.trustindex.io\/assets\/platform\/Google\/star\/f.svg\" alt=\"Google\" width=\"17\" height=\"17\" loading=\"lazy\" ><\/trustindex-image><trustindex-image class=\"ti-star\" data-imgurl=\"https:\/\/cdn.trustindex.io\/assets\/platform\/Google\/star\/f.svg\" alt=\"Google\" width=\"17\" height=\"17\" loading=\"lazy\" ><\/trustindex-image><trustindex-image class=\"ti-star\" data-imgurl=\"https:\/\/cdn.trustindex.io\/assets\/platform\/Google\/star\/f.svg\" alt=\"Google\" width=\"17\" height=\"17\" loading=\"lazy\" ><\/trustindex-image><trustindex-image class=\"ti-star\" data-imgurl=\"https:\/\/cdn.trustindex.io\/assets\/platform\/Google\/star\/f.svg\" alt=\"Google\" width=\"17\" height=\"17\" loading=\"lazy\" ><\/trustindex-image><trustindex-image class=\"ti-star\" data-imgurl=\"https:\/\/cdn.trustindex.io\/assets\/platform\/Google\/star\/f.svg\" alt=\"Google\" width=\"17\" height=\"17\" loading=\"lazy\" ><\/trustindex-image><\/span> <div class=\"ti-review-text-container ti-review-content\"><!-- R-CONTENT -->J'ai aim\u00e9 l'accueil, pro et chaleureux, la rapidit\u00e9 et la pr\u00e9cision.\n\nL'affaire a \u00e9t\u00e9 rondement men\u00e9e par l'excellente Marina.\n\nSi vous cherchez une domiciliation ou un bureau, bien plac\u00e9 \u00e0 Cabestany, facile d'acc\u00e8s, ne cherchez plus !<!-- R-CONTENT --><\/div> <span class=\"ti-read-more\" data-container=\".ti-review-content\" data-collapse-text=\"Cacher\" data-open-text=\"Lire la suite\" ><\/span> <\/div> <\/div>  <div data-empty=\"0\" class=\"ti-review-item source-Google ti-image-layout-thumbnail\" data-id=\"cfcd208495d565ef66e7dff9f98764da\" > <div class=\"ti-inner\"> <div class=\"ti-review-header\"> <trustindex-image class=\"ti-platform-icon\" data-imgurl=\"https:\/\/cdn.trustindex.io\/assets\/platform\/Google\/icon.svg\" alt=\"Google\" width=\"20\" height=\"20\" loading=\"lazy\" ><\/trustindex-image> <div class=\"ti-profile-img\"> <trustindex-image data-imgurl=\"https:\/\/lh3.googleusercontent.com\/a\/ACg8ocLmrwrOK1sjry6BaTi0P1IXr4R9O9vQDozsAooTzMIeJFrIxg=w40-h40-c-rp-mo-ba4-br100\" data-imgurlset=\"https:\/\/lh3.googleusercontent.com\/a\/ACg8ocLmrwrOK1sjry6BaTi0P1IXr4R9O9vQDozsAooTzMIeJFrIxg=w80-h80-c-rp-mo-ba4-br100 2x\" alt=\"Philippe Ferrer\" loading=\"lazy\" ><\/trustindex-image> <\/div> <div class=\"ti-profile-details\"> <div class=\"ti-name\"> Philippe Ferrer <\/div> <div class=\"ti-date\">2024-08-05<\/div> <\/div> <\/div> <span class=\"ti-stars\"><trustindex-image class=\"ti-star\" data-imgurl=\"https:\/\/cdn.trustindex.io\/assets\/platform\/Google\/star\/f.svg\" alt=\"Google\" width=\"17\" height=\"17\" loading=\"lazy\" ><\/trustindex-image><trustindex-image class=\"ti-star\" data-imgurl=\"https:\/\/cdn.trustindex.io\/assets\/platform\/Google\/star\/f.svg\" alt=\"Google\" width=\"17\" height=\"17\" loading=\"lazy\" ><\/trustindex-image><trustindex-image class=\"ti-star\" data-imgurl=\"https:\/\/cdn.trustindex.io\/assets\/platform\/Google\/star\/f.svg\" alt=\"Google\" width=\"17\" height=\"17\" loading=\"lazy\" ><\/trustindex-image><trustindex-image class=\"ti-star\" data-imgurl=\"https:\/\/cdn.trustindex.io\/assets\/platform\/Google\/star\/f.svg\" alt=\"Google\" width=\"17\" height=\"17\" loading=\"lazy\" ><\/trustindex-image><trustindex-image class=\"ti-star\" data-imgurl=\"https:\/\/cdn.trustindex.io\/assets\/platform\/Google\/star\/f.svg\" alt=\"Google\" width=\"17\" height=\"17\" loading=\"lazy\" ><\/trustindex-image><\/span> <div class=\"ti-review-text-container ti-review-content\"><!-- R-CONTENT -->Tr\u00e8s tr\u00e8s bien<!-- R-CONTENT --><\/div> <span class=\"ti-read-more\" data-container=\".ti-review-content\" data-collapse-text=\"Cacher\" data-open-text=\"Lire la suite\" ><\/span> <\/div> <\/div>  <div data-empty=\"0\" class=\"ti-review-item source-Google ti-image-layout-thumbnail\" data-id=\"cfcd208495d565ef66e7dff9f98764da\" > <div class=\"ti-inner\"> <div class=\"ti-review-header\"> <trustindex-image class=\"ti-platform-icon\" data-imgurl=\"https:\/\/cdn.trustindex.io\/assets\/platform\/Google\/icon.svg\" alt=\"Google\" width=\"20\" height=\"20\" loading=\"lazy\" ><\/trustindex-image> <div class=\"ti-profile-img\"> <trustindex-image data-imgurl=\"https:\/\/lh3.googleusercontent.com\/a-\/ALV-UjUppG5gdNeULyeU-awfk1dO_o09rjTc6DzV9LF9cUWSXk_yZiJz=w40-h40-c-rp-mo-br100\" data-imgurlset=\"https:\/\/lh3.googleusercontent.com\/a-\/ALV-UjUppG5gdNeULyeU-awfk1dO_o09rjTc6DzV9LF9cUWSXk_yZiJz=w80-h80-c-rp-mo-br100 2x\" alt=\"Florian BRANCHE\" loading=\"lazy\" ><\/trustindex-image> <\/div> <div class=\"ti-profile-details\"> <div class=\"ti-name\"> Florian BRANCHE <\/div> <div class=\"ti-date\">2024-06-19<\/div> <\/div> <\/div> <span class=\"ti-stars\"><trustindex-image class=\"ti-star\" data-imgurl=\"https:\/\/cdn.trustindex.io\/assets\/platform\/Google\/star\/f.svg\" alt=\"Google\" width=\"17\" height=\"17\" loading=\"lazy\" ><\/trustindex-image><trustindex-image class=\"ti-star\" data-imgurl=\"https:\/\/cdn.trustindex.io\/assets\/platform\/Google\/star\/f.svg\" alt=\"Google\" width=\"17\" height=\"17\" loading=\"lazy\" ><\/trustindex-image><trustindex-image class=\"ti-star\" data-imgurl=\"https:\/\/cdn.trustindex.io\/assets\/platform\/Google\/star\/f.svg\" alt=\"Google\" width=\"17\" height=\"17\" loading=\"lazy\" ><\/trustindex-image><trustindex-image class=\"ti-star\" data-imgurl=\"https:\/\/cdn.trustindex.io\/assets\/platform\/Google\/star\/f.svg\" alt=\"Google\" width=\"17\" height=\"17\" loading=\"lazy\" ><\/trustindex-image><trustindex-image class=\"ti-star\" data-imgurl=\"https:\/\/cdn.trustindex.io\/assets\/platform\/Google\/star\/f.svg\" alt=\"Google\" width=\"17\" height=\"17\" loading=\"lazy\" ><\/trustindex-image><\/span> <div class=\"ti-review-text-container ti-review-content\"><!-- R-CONTENT -->Un grand merci \u00e0 Marina et Patricia, pour leur professionnalisme, leur disponibilit\u00e9 et leur r\u00e9activit\u00e9.<!-- R-CONTENT --><\/div> <span class=\"ti-read-more\" data-container=\".ti-review-content\" data-collapse-text=\"Cacher\" data-open-text=\"Lire la suite\" ><\/span> <\/div> <\/div>  <div data-empty=\"0\" class=\"ti-review-item source-Google ti-image-layout-thumbnail\" data-id=\"cfcd208495d565ef66e7dff9f98764da\" > <div class=\"ti-inner\"> <div class=\"ti-review-header\"> <trustindex-image class=\"ti-platform-icon\" data-imgurl=\"https:\/\/cdn.trustindex.io\/assets\/platform\/Google\/icon.svg\" alt=\"Google\" width=\"20\" height=\"20\" loading=\"lazy\" ><\/trustindex-image> <div class=\"ti-profile-img\"> <trustindex-image data-imgurl=\"https:\/\/lh3.googleusercontent.com\/a\/ACg8ocIkcV1EBLvn_PSLZrVlQCPX_dcIIjvEuJuevnEqxzSIuPL5HQ=w40-h40-c-rp-mo-br100\" data-imgurlset=\"https:\/\/lh3.googleusercontent.com\/a\/ACg8ocIkcV1EBLvn_PSLZrVlQCPX_dcIIjvEuJuevnEqxzSIuPL5HQ=w80-h80-c-rp-mo-br100 2x\" alt=\"alain racoussot\" loading=\"lazy\" ><\/trustindex-image> <\/div> <div class=\"ti-profile-details\"> <div class=\"ti-name\"> alain racoussot <\/div> <div class=\"ti-date\">2024-06-19<\/div> <\/div> <\/div> <span class=\"ti-stars\"><trustindex-image class=\"ti-star\" data-imgurl=\"https:\/\/cdn.trustindex.io\/assets\/platform\/Google\/star\/f.svg\" alt=\"Google\" width=\"17\" height=\"17\" loading=\"lazy\" ><\/trustindex-image><trustindex-image class=\"ti-star\" data-imgurl=\"https:\/\/cdn.trustindex.io\/assets\/platform\/Google\/star\/f.svg\" alt=\"Google\" width=\"17\" height=\"17\" loading=\"lazy\" ><\/trustindex-image><trustindex-image class=\"ti-star\" data-imgurl=\"https:\/\/cdn.trustindex.io\/assets\/platform\/Google\/star\/f.svg\" alt=\"Google\" width=\"17\" height=\"17\" loading=\"lazy\" ><\/trustindex-image><trustindex-image class=\"ti-star\" data-imgurl=\"https:\/\/cdn.trustindex.io\/assets\/platform\/Google\/star\/f.svg\" alt=\"Google\" width=\"17\" height=\"17\" loading=\"lazy\" ><\/trustindex-image><trustindex-image class=\"ti-star\" data-imgurl=\"https:\/\/cdn.trustindex.io\/assets\/platform\/Google\/star\/f.svg\" alt=\"Google\" width=\"17\" height=\"17\" loading=\"lazy\" ><\/trustindex-image><\/span> <div class=\"ti-review-text-container ti-review-content\"><!-- R-CONTENT -->Une \u00e9quipe tr\u00e8s accueillante et dynamique. Des Professionnels \u00e0 l'\u00e9coute qui savent r\u00e9pondent aux requ\u00eates des Clients ... !<!-- R-CONTENT --><\/div> <span class=\"ti-read-more\" data-container=\".ti-review-content\" data-collapse-text=\"Cacher\" data-open-text=\"Lire la suite\" ><\/span> <\/div> <\/div>  <div data-empty=\"0\" class=\"ti-review-item source-Google ti-image-layout-thumbnail\" data-id=\"cfcd208495d565ef66e7dff9f98764da\" > <div class=\"ti-inner\"> <div class=\"ti-review-header\"> <trustindex-image class=\"ti-platform-icon\" data-imgurl=\"https:\/\/cdn.trustindex.io\/assets\/platform\/Google\/icon.svg\" alt=\"Google\" width=\"20\" height=\"20\" loading=\"lazy\" ><\/trustindex-image> <div class=\"ti-profile-img\"> <trustindex-image data-imgurl=\"https:\/\/lh3.googleusercontent.com\/a\/ACg8ocI-_sPmffSlcWv39aCVIsdBVaSM8TwNIhpVX0xTlwxY1agnog=w40-h40-c-rp-mo-ba2-br100\" data-imgurlset=\"https:\/\/lh3.googleusercontent.com\/a\/ACg8ocI-_sPmffSlcWv39aCVIsdBVaSM8TwNIhpVX0xTlwxY1agnog=w80-h80-c-rp-mo-ba2-br100 2x\" alt=\"Jean pierre DEIT\" loading=\"lazy\" ><\/trustindex-image> <\/div> <div class=\"ti-profile-details\"> <div class=\"ti-name\"> Jean pierre DEIT <\/div> <div class=\"ti-date\">2024-02-18<\/div> <\/div> <\/div> <span class=\"ti-stars\"><trustindex-image class=\"ti-star\" data-imgurl=\"https:\/\/cdn.trustindex.io\/assets\/platform\/Google\/star\/f.svg\" alt=\"Google\" width=\"17\" height=\"17\" loading=\"lazy\" ><\/trustindex-image><trustindex-image class=\"ti-star\" data-imgurl=\"https:\/\/cdn.trustindex.io\/assets\/platform\/Google\/star\/e.svg\" alt=\"Google\" width=\"17\" height=\"17\" loading=\"lazy\" ><\/trustindex-image><trustindex-image class=\"ti-star\" data-imgurl=\"https:\/\/cdn.trustindex.io\/assets\/platform\/Google\/star\/e.svg\" alt=\"Google\" width=\"17\" height=\"17\" loading=\"lazy\" ><\/trustindex-image><trustindex-image class=\"ti-star\" data-imgurl=\"https:\/\/cdn.trustindex.io\/assets\/platform\/Google\/star\/e.svg\" alt=\"Google\" width=\"17\" height=\"17\" loading=\"lazy\" ><\/trustindex-image><trustindex-image class=\"ti-star\" data-imgurl=\"https:\/\/cdn.trustindex.io\/assets\/platform\/Google\/star\/e.svg\" alt=\"Google\" width=\"17\" height=\"17\" loading=\"lazy\" ><\/trustindex-image><\/span> <div class=\"ti-review-text-container ti-review-content\"><!-- R-CONTENT -->Moyen<!-- R-CONTENT --><\/div> <span class=\"ti-read-more\" data-container=\".ti-review-content\" data-collapse-text=\"Cacher\" data-open-text=\"Lire la suite\" ><\/span> <\/div> <\/div>  <\/div> <div class=\"ti-controls-line\"> <div class=\"dot\"><\/div> <\/div> <\/div>   <\/div> <\/div> <\/template><\/pre>\n<div data-src=\"https:\/\/cdn.trustindex.io\/loader.js?wp-widget\" data-template-id=\"trustindex-google-widget-html\" data-css-url=\"https:\/\/caequinoxe66.com\/wp-content\/uploads\/trustindex-google-widget.css?1738224456\"><\/div>\n\t\t\t\t\t\t\t\t<\/div>\n\t\t\t\t<\/div>\n\t\t\t\t\t<\/div>\n\t\t<\/div>\n\t\t\t\t\t<\/div>\n\t\t<\/section>\n\t\t\t\t<\/div>","protected":false},"excerpt":{"rendered":"<p>LA OPINI\u00d3N DE NUESTROS CLIENTES: SU OPINI\u00d3N CUENTA<\/p>","protected":false},"author":1,"featured_media":0,"parent":0,"menu_order":0,"comment_status":"closed","ping_status":"closed","template":"","meta":{"footnotes":""},"class_list":["post-1238","page","type-page","status-publish","hentry","entry"],"yoast_head":"<!-- This site is optimized with the Yoast SEO plugin v24.3 - https:\/\/yoast.com\/wordpress\/plugins\/seo\/ -->\n<title>T\u00e9moignages de nos clients : D\u00e9couvrez leur exp\u00e9rience avec nous<\/title>\n<meta name=\"description\" content=\"Explorez les avis clients authentiques qui racontent leur exp\u00e9rience avec notre nous. La satisfaction de nos clients est notre priorit\u00e9 !\" \/>\n<meta name=\"robots\" content=\"index, follow, max-snippet:-1, max-image-preview:large, max-video-preview:-1\" \/>\n<link rel=\"canonical\" href=\"https:\/\/caequinoxe66.com\/es\/avis-clients\/\" \/>\n<meta property=\"og:locale\" content=\"es_ES\" \/>\n<meta property=\"og:type\" content=\"article\" \/>\n<meta property=\"og:title\" content=\"T\u00e9moignages de nos clients : D\u00e9couvrez leur exp\u00e9rience avec nous\" \/>\n<meta property=\"og:description\" content=\"Explorez les avis clients authentiques qui racontent leur exp\u00e9rience avec notre nous. La satisfaction de nos clients est notre priorit\u00e9 !\" \/>\n<meta property=\"og:url\" content=\"https:\/\/caequinoxe66.com\/es\/avis-clients\/\" \/>\n<meta property=\"og:site_name\" content=\"CA Equinoxe\" \/>\n<meta property=\"article:publisher\" content=\"https:\/\/www.facebook.com\/profile.php?id=100064032933552\" \/>\n<meta property=\"article:modified_time\" content=\"2023-10-23T08:10:35+00:00\" \/>\n<meta name=\"twitter:card\" content=\"summary_large_image\" \/>\n<meta name=\"twitter:label1\" content=\"Tiempo de lectura\" \/>\n\t<meta name=\"twitter:data1\" content=\"1 minuto\" \/>\n<script type=\"application\/ld+json\" class=\"yoast-schema-graph\">{\"@context\":\"https:\/\/schema.org\",\"@graph\":[{\"@type\":\"WebPage\",\"@id\":\"https:\/\/caequinoxe66.com\/avis-clients\/\",\"url\":\"https:\/\/caequinoxe66.com\/avis-clients\/\",\"name\":\"T\u00e9moignages de nos clients : D\u00e9couvrez leur exp\u00e9rience avec nous\",\"isPartOf\":{\"@id\":\"https:\/\/caequinoxe66.com\/#website\"},\"datePublished\":\"2023-10-20T10:02:44+00:00\",\"dateModified\":\"2023-10-23T08:10:35+00:00\",\"description\":\"Explorez les avis clients authentiques qui racontent leur exp\u00e9rience avec notre nous. La satisfaction de nos clients est notre priorit\u00e9 !\",\"breadcrumb\":{\"@id\":\"https:\/\/caequinoxe66.com\/avis-clients\/#breadcrumb\"},\"inLanguage\":\"es\",\"potentialAction\":[{\"@type\":\"ReadAction\",\"target\":[\"https:\/\/caequinoxe66.com\/avis-clients\/\"]}]},{\"@type\":\"BreadcrumbList\",\"@id\":\"https:\/\/caequinoxe66.com\/avis-clients\/#breadcrumb\",\"itemListElement\":[{\"@type\":\"ListItem\",\"position\":1,\"name\":\"Accueil\",\"item\":\"https:\/\/caequinoxe66.com\/\"},{\"@type\":\"ListItem\",\"position\":2,\"name\":\"Avis Clients\"}]},{\"@type\":\"WebSite\",\"@id\":\"https:\/\/caequinoxe66.com\/#website\",\"url\":\"https:\/\/caequinoxe66.com\/\",\"name\":\"CA Equinoxe\",\"description\":\"Centre d&#039;Affaires Equinoxe\",\"publisher\":{\"@id\":\"https:\/\/caequinoxe66.com\/#organization\"},\"potentialAction\":[{\"@type\":\"SearchAction\",\"target\":{\"@type\":\"EntryPoint\",\"urlTemplate\":\"https:\/\/caequinoxe66.com\/?s={search_term_string}\"},\"query-input\":{\"@type\":\"PropertyValueSpecification\",\"valueRequired\":true,\"valueName\":\"search_term_string\"}}],\"inLanguage\":\"es\"},{\"@type\":\"Organization\",\"@id\":\"https:\/\/caequinoxe66.com\/#organization\",\"name\":\"Centre d'affaires Equinoxe\",\"url\":\"https:\/\/caequinoxe66.com\/\",\"logo\":{\"@type\":\"ImageObject\",\"inLanguage\":\"es\",\"@id\":\"https:\/\/caequinoxe66.com\/#\/schema\/logo\/image\/\",\"url\":\"https:\/\/caequinoxe66.com\/wp-content\/uploads\/2023\/07\/cropped-1.png\",\"contentUrl\":\"https:\/\/caequinoxe66.com\/wp-content\/uploads\/2023\/07\/cropped-1.png\",\"width\":222,\"height\":272,\"caption\":\"Centre d'affaires Equinoxe\"},\"image\":{\"@id\":\"https:\/\/caequinoxe66.com\/#\/schema\/logo\/image\/\"},\"sameAs\":[\"https:\/\/www.facebook.com\/profile.php?id=100064032933552\",\"https:\/\/www.instagram.com\/centredaffairesequinoxe\/\"]}]}<\/script>\n<!-- \/ Yoast SEO plugin. -->","yoast_head_json":{"title":"T\u00e9moignages de nos clients : D\u00e9couvrez leur exp\u00e9rience avec nous","description":"Explorez les avis clients authentiques qui racontent leur exp\u00e9rience avec notre nous. La satisfaction de nos clients est notre priorit\u00e9 !","robots":{"index":"index","follow":"follow","max-snippet":"max-snippet:-1","max-image-preview":"max-image-preview:large","max-video-preview":"max-video-preview:-1"},"canonical":"https:\/\/caequinoxe66.com\/es\/avis-clients\/","og_locale":"es_ES","og_type":"article","og_title":"T\u00e9moignages de nos clients : D\u00e9couvrez leur exp\u00e9rience avec nous","og_description":"Explorez les avis clients authentiques qui racontent leur exp\u00e9rience avec notre nous. La satisfaction de nos clients est notre priorit\u00e9 !","og_url":"https:\/\/caequinoxe66.com\/es\/avis-clients\/","og_site_name":"CA Equinoxe","article_publisher":"https:\/\/www.facebook.com\/profile.php?id=100064032933552","article_modified_time":"2023-10-23T08:10:35+00:00","twitter_card":"summary_large_image","twitter_misc":{"Tiempo de lectura":"1 minuto"},"schema":{"@context":"https:\/\/schema.org","@graph":[{"@type":"WebPage","@id":"https:\/\/caequinoxe66.com\/avis-clients\/","url":"https:\/\/caequinoxe66.com\/avis-clients\/","name":"T\u00e9moignages de nos clients : D\u00e9couvrez leur exp\u00e9rience avec nous","isPartOf":{"@id":"https:\/\/caequinoxe66.com\/#website"},"datePublished":"2023-10-20T10:02:44+00:00","dateModified":"2023-10-23T08:10:35+00:00","description":"Explorez les avis clients authentiques qui racontent leur exp\u00e9rience avec notre nous. La satisfaction de nos clients est notre priorit\u00e9 !","breadcrumb":{"@id":"https:\/\/caequinoxe66.com\/avis-clients\/#breadcrumb"},"inLanguage":"es","potentialAction":[{"@type":"ReadAction","target":["https:\/\/caequinoxe66.com\/avis-clients\/"]}]},{"@type":"BreadcrumbList","@id":"https:\/\/caequinoxe66.com\/avis-clients\/#breadcrumb","itemListElement":[{"@type":"ListItem","position":1,"name":"Accueil","item":"https:\/\/caequinoxe66.com\/"},{"@type":"ListItem","position":2,"name":"Avis Clients"}]},{"@type":"WebSite","@id":"https:\/\/caequinoxe66.com\/#website","url":"https:\/\/caequinoxe66.com\/","name":"CA Equinoxe","description":"Centre d&#039;Affaires Equinoxe","publisher":{"@id":"https:\/\/caequinoxe66.com\/#organization"},"potentialAction":[{"@type":"SearchAction","target":{"@type":"EntryPoint","urlTemplate":"https:\/\/caequinoxe66.com\/?s={search_term_string}"},"query-input":{"@type":"PropertyValueSpecification","valueRequired":true,"valueName":"search_term_string"}}],"inLanguage":"es"},{"@type":"Organization","@id":"https:\/\/caequinoxe66.com\/#organization","name":"Centre d'affaires Equinoxe","url":"https:\/\/caequinoxe66.com\/","logo":{"@type":"ImageObject","inLanguage":"es","@id":"https:\/\/caequinoxe66.com\/#\/schema\/logo\/image\/","url":"https:\/\/caequinoxe66.com\/wp-content\/uploads\/2023\/07\/cropped-1.png","contentUrl":"https:\/\/caequinoxe66.com\/wp-content\/uploads\/2023\/07\/cropped-1.png","width":222,"height":272,"caption":"Centre d'affaires Equinoxe"},"image":{"@id":"https:\/\/caequinoxe66.com\/#\/schema\/logo\/image\/"},"sameAs":["https:\/\/www.facebook.com\/profile.php?id=100064032933552","https:\/\/www.instagram.com\/centredaffairesequinoxe\/"]}]}},"_links":{"self":[{"href":"https:\/\/caequinoxe66.com\/es\/wp-json\/wp\/v2\/pages\/1238","targetHints":{"allow":["GET"]}}],"collection":[{"href":"https:\/\/caequinoxe66.com\/es\/wp-json\/wp\/v2\/pages"}],"about":[{"href":"https:\/\/caequinoxe66.com\/es\/wp-json\/wp\/v2\/types\/page"}],"author":[{"embeddable":true,"href":"https:\/\/caequinoxe66.com\/es\/wp-json\/wp\/v2\/users\/1"}],"replies":[{"embeddable":true,"href":"https:\/\/caequinoxe66.com\/es\/wp-json\/wp\/v2\/comments?post=1238"}],"version-history":[{"count":5,"href":"https:\/\/caequinoxe66.com\/es\/wp-json\/wp\/v2\/pages\/1238\/revisions"}],"predecessor-version":[{"id":1244,"href":"https:\/\/caequinoxe66.com\/es\/wp-json\/wp\/v2\/pages\/1238\/revisions\/1244"}],"wp:attachment":[{"href":"https:\/\/caequinoxe66.com\/es\/wp-json\/wp\/v2\/media?parent=1238"}],"curies":[{"name":"wp","href":"https:\/\/api.w.org\/{rel}","templated":true}]}}