{"id":19,"date":"2023-07-21T15:16:50","date_gmt":"2023-07-21T15:16:50","guid":{"rendered":"http:\/\/caequinoxe66.com\/?page_id=19"},"modified":"2023-08-29T12:12:09","modified_gmt":"2023-08-29T12:12:09","slug":"faq-centre-daffaires","status":"publish","type":"page","link":"https:\/\/caequinoxe66.com\/es\/faq-centre-daffaires\/","title":{"rendered":"Preguntas Frecuentes"},"content":{"rendered":"<div data-elementor-type=\"wp-page\" data-elementor-id=\"19\" class=\"elementor elementor-19\">\n\t\t\t\t\t\t<section class=\"elementor-section elementor-top-section elementor-element elementor-element-26f2a23 elementor-section-boxed elementor-section-height-default elementor-section-height-default\" data-id=\"26f2a23\" data-element_type=\"section\">\n\t\t\t\t\t\t<div class=\"elementor-container elementor-column-gap-default\">\n\t\t\t\t\t<div class=\"elementor-column elementor-col-100 elementor-top-column elementor-element elementor-element-2127381\" data-id=\"2127381\" data-element_type=\"column\">\n\t\t\t<div class=\"elementor-widget-wrap elementor-element-populated\">\n\t\t\t\t\t\t<div class=\"elementor-element elementor-element-f97d7c5 elementor-widget elementor-widget-heading\" data-id=\"f97d7c5\" data-element_type=\"widget\" data-widget_type=\"heading.default\">\n\t\t\t\t<div class=\"elementor-widget-container\">\n\t\t\t\t\t<h2 class=\"elementor-heading-title elementor-size-default\">PF Centro de Negocios Equinoxe <\/h2>\t\t\t\t<\/div>\n\t\t\t\t<\/div>\n\t\t\t\t\t<\/div>\n\t\t<\/div>\n\t\t\t\t\t<\/div>\n\t\t<\/section>\n\t\t\t\t<section class=\"elementor-section elementor-top-section elementor-element elementor-element-616f4bf elementor-section-boxed elementor-section-height-default elementor-section-height-default\" data-id=\"616f4bf\" data-element_type=\"section\">\n\t\t\t\t\t\t<div class=\"elementor-container elementor-column-gap-default\">\n\t\t\t\t\t<div class=\"elementor-column elementor-col-100 elementor-top-column elementor-element elementor-element-bec181f\" data-id=\"bec181f\" data-element_type=\"column\">\n\t\t\t<div class=\"elementor-widget-wrap elementor-element-populated\">\n\t\t\t\t\t\t<div class=\"elementor-element elementor-element-669fefc elementor-widget elementor-widget-text-editor\" data-id=\"669fefc\" data-element_type=\"widget\" data-widget_type=\"text-editor.default\">\n\t\t\t\t<div class=\"elementor-widget-container\">\n\t\t\t\t\t\t\t\t\t<p>\u00a0<\/p><p style=\"text-align: center;\"><em>Las PF del Centro de Negocios Equinoxe intentan responder a todas sus preguntas con respuestas claras y simplificadas.<\/em><\/p>\t\t\t\t\t\t\t\t<\/div>\n\t\t\t\t<\/div>\n\t\t\t\t<div class=\"elementor-element elementor-element-9f56caf elementor-widget elementor-widget-accordion\" data-id=\"9f56caf\" data-element_type=\"widget\" data-widget_type=\"accordion.default\">\n\t\t\t\t<div class=\"elementor-widget-container\">\n\t\t\t\t\t\t\t<div class=\"elementor-accordion\">\n\t\t\t\t\t\t\t<div class=\"elementor-accordion-item\">\n\t\t\t\t\t<div id=\"elementor-tab-title-1671\" class=\"elementor-tab-title\" data-tab=\"1\" role=\"button\" aria-controls=\"elementor-tab-content-1671\" aria-expanded=\"false\">\n\t\t\t\t\t\t\t\t\t\t\t\t\t<span class=\"elementor-accordion-icon elementor-accordion-icon-left\" aria-hidden=\"true\">\n\t\t\t\t\t\t\t\t\t\t\t\t\t\t\t<span class=\"elementor-accordion-icon-closed\"><i class=\"fas fa-plus\"><\/i><\/span>\n\t\t\t\t\t\t\t\t<span class=\"elementor-accordion-icon-opened\"><i class=\"fas fa-minus\"><\/i><\/span>\n\t\t\t\t\t\t\t\t\t\t\t\t\t\t<\/span>\n\t\t\t\t\t\t\t\t\t\t\t\t<a class=\"elementor-accordion-title\" tabindex=\"0\">\u00bfQu\u00e9 documentos debo presentar para registrar mi direcci\u00f3n?<\/a>\n\t\t\t\t\t<\/div>\n\t\t\t\t\t<div id=\"elementor-tab-content-1671\" class=\"elementor-tab-content elementor-clearfix\" data-tab=\"1\" role=\"region\" aria-labelledby=\"elementor-tab-title-1671\"><ul><li>DNI o passaporte del director<\/li><li>Prueba de residencia de menos de 3 meses para el gestor<\/li><li>Estatutos o proyecto de estatutos (excepto para las sociedades limitadas)<\/li><li>Extracto Kbis de menos de 3 meses de antig\u00fcedad para traslado de domicilio social<\/li><\/ul><\/div>\n\t\t\t\t<\/div>\n\t\t\t\t\t\t\t<div class=\"elementor-accordion-item\">\n\t\t\t\t\t<div id=\"elementor-tab-title-1672\" class=\"elementor-tab-title\" data-tab=\"2\" role=\"button\" aria-controls=\"elementor-tab-content-1672\" aria-expanded=\"false\">\n\t\t\t\t\t\t\t\t\t\t\t\t\t<span class=\"elementor-accordion-icon elementor-accordion-icon-left\" aria-hidden=\"true\">\n\t\t\t\t\t\t\t\t\t\t\t\t\t\t\t<span class=\"elementor-accordion-icon-closed\"><i class=\"fas fa-plus\"><\/i><\/span>\n\t\t\t\t\t\t\t\t<span class=\"elementor-accordion-icon-opened\"><i class=\"fas fa-minus\"><\/i><\/span>\n\t\t\t\t\t\t\t\t\t\t\t\t\t\t<\/span>\n\t\t\t\t\t\t\t\t\t\t\t\t<a class=\"elementor-accordion-title\" tabindex=\"0\">\u00bfC\u00f3mo puede ayudarme el Centro de Negocios Equinoxe?<\/a>\n\t\t\t\t\t<\/div>\n\t\t\t\t\t<div id=\"elementor-tab-content-1672\" class=\"elementor-tab-content elementor-clearfix\" data-tab=\"2\" role=\"region\" aria-labelledby=\"elementor-tab-title-1672\"><p>El Centro de Negocios Equinoxe trabaja con censores jurados de cuentas, abogados y banqueros. Por lo tanto, podemos ponerle en contacto con ellos y facilitarle la creaci\u00f3n o el traspaso de su empresa.<\/p><\/div>\n\t\t\t\t<\/div>\n\t\t\t\t\t\t\t<div class=\"elementor-accordion-item\">\n\t\t\t\t\t<div id=\"elementor-tab-title-1673\" class=\"elementor-tab-title\" data-tab=\"3\" role=\"button\" aria-controls=\"elementor-tab-content-1673\" aria-expanded=\"false\">\n\t\t\t\t\t\t\t\t\t\t\t\t\t<span class=\"elementor-accordion-icon elementor-accordion-icon-left\" aria-hidden=\"true\">\n\t\t\t\t\t\t\t\t\t\t\t\t\t\t\t<span class=\"elementor-accordion-icon-closed\"><i class=\"fas fa-plus\"><\/i><\/span>\n\t\t\t\t\t\t\t\t<span class=\"elementor-accordion-icon-opened\"><i class=\"fas fa-minus\"><\/i><\/span>\n\t\t\t\t\t\t\t\t\t\t\t\t\t\t<\/span>\n\t\t\t\t\t\t\t\t\t\t\t\t<a class=\"elementor-accordion-title\" tabindex=\"0\">\u00bfY la fianza?<\/a>\n\t\t\t\t\t<\/div>\n\t\t\t\t\t<div id=\"elementor-tab-content-1673\" class=\"elementor-tab-content elementor-clearfix\" data-tab=\"3\" role=\"region\" aria-labelledby=\"elementor-tab-title-1673\"><p>El dep\u00f3sito se abona a la firma del contrato y se le devolver\u00e1 al final del mismo. <\/p><\/div>\n\t\t\t\t<\/div>\n\t\t\t\t\t\t\t<div class=\"elementor-accordion-item\">\n\t\t\t\t\t<div id=\"elementor-tab-title-1674\" class=\"elementor-tab-title\" data-tab=\"4\" role=\"button\" aria-controls=\"elementor-tab-content-1674\" aria-expanded=\"false\">\n\t\t\t\t\t\t\t\t\t\t\t\t\t<span class=\"elementor-accordion-icon elementor-accordion-icon-left\" aria-hidden=\"true\">\n\t\t\t\t\t\t\t\t\t\t\t\t\t\t\t<span class=\"elementor-accordion-icon-closed\"><i class=\"fas fa-plus\"><\/i><\/span>\n\t\t\t\t\t\t\t\t<span class=\"elementor-accordion-icon-opened\"><i class=\"fas fa-minus\"><\/i><\/span>\n\t\t\t\t\t\t\t\t\t\t\t\t\t\t<\/span>\n\t\t\t\t\t\t\t\t\t\t\t\t<a class=\"elementor-accordion-title\" tabindex=\"0\">\u00bfC\u00f3mo puedo comer si soy inquilino del Centre de Negocios Equinoxe?<\/a>\n\t\t\t\t\t<\/div>\n\t\t\t\t\t<div id=\"elementor-tab-content-1674\" class=\"elementor-tab-content elementor-clearfix\" data-tab=\"4\" role=\"region\" aria-labelledby=\"elementor-tab-title-1674\"><p>El Centro de Negocios Equinoxe est\u00e1 situado en un barrio din\u00e1mico, por lo que podr\u00e1 comer en los alrededores. Adem\u00e1s, el Centro de Negocios dispone de nevera y microondas para que pueda mantener sus comidas frescas o calentarlas.<\/p><\/div>\n\t\t\t\t<\/div>\n\t\t\t\t\t\t\t<div class=\"elementor-accordion-item\">\n\t\t\t\t\t<div id=\"elementor-tab-title-1675\" class=\"elementor-tab-title\" data-tab=\"5\" role=\"button\" aria-controls=\"elementor-tab-content-1675\" aria-expanded=\"false\">\n\t\t\t\t\t\t\t\t\t\t\t\t\t<span class=\"elementor-accordion-icon elementor-accordion-icon-left\" aria-hidden=\"true\">\n\t\t\t\t\t\t\t\t\t\t\t\t\t\t\t<span class=\"elementor-accordion-icon-closed\"><i class=\"fas fa-plus\"><\/i><\/span>\n\t\t\t\t\t\t\t\t<span class=\"elementor-accordion-icon-opened\"><i class=\"fas fa-minus\"><\/i><\/span>\n\t\t\t\t\t\t\t\t\t\t\t\t\t\t<\/span>\n\t\t\t\t\t\t\t\t\t\t\t\t<a class=\"elementor-accordion-title\" tabindex=\"0\">\u00bfCu\u00e1ndo puedo recoger mi correo?<\/a>\n\t\t\t\t\t<\/div>\n\t\t\t\t\t<div id=\"elementor-tab-content-1675\" class=\"elementor-tab-content elementor-clearfix\" data-tab=\"5\" role=\"region\" aria-labelledby=\"elementor-tab-title-1675\"><p>Su correo estar\u00e1 disponible en cuanto lo reciba en la recepci\u00f3n del Centro de Negocios Equinoxe, abierta de lunes a viernes de 8.30 a 12.30 y de 14.00 a 18.00 horas.<\/p><\/div>\n\t\t\t\t<\/div>\n\t\t\t\t\t\t\t<div class=\"elementor-accordion-item\">\n\t\t\t\t\t<div id=\"elementor-tab-title-1676\" class=\"elementor-tab-title\" data-tab=\"6\" role=\"button\" aria-controls=\"elementor-tab-content-1676\" aria-expanded=\"false\">\n\t\t\t\t\t\t\t\t\t\t\t\t\t<span class=\"elementor-accordion-icon elementor-accordion-icon-left\" aria-hidden=\"true\">\n\t\t\t\t\t\t\t\t\t\t\t\t\t\t\t<span class=\"elementor-accordion-icon-closed\"><i class=\"fas fa-plus\"><\/i><\/span>\n\t\t\t\t\t\t\t\t<span class=\"elementor-accordion-icon-opened\"><i class=\"fas fa-minus\"><\/i><\/span>\n\t\t\t\t\t\t\t\t\t\t\t\t\t\t<\/span>\n\t\t\t\t\t\t\t\t\t\t\t\t<a class=\"elementor-accordion-title\" tabindex=\"0\">Si me ausento durante un tiempo, \u00bfqu\u00e9 pasa con mi correo?<\/a>\n\t\t\t\t\t<\/div>\n\t\t\t\t\t<div id=\"elementor-tab-content-1676\" class=\"elementor-tab-content elementor-clearfix\" data-tab=\"6\" role=\"region\" aria-labelledby=\"elementor-tab-title-1676\"><p>No se preocupe, podemos adaptarnos a sus necesidades y escanearlo a la direcci\u00f3n de correo electr\u00f3nico de su elecci\u00f3n y\/o enviarlo a la direcci\u00f3n postal de su elecci\u00f3n.<\/p><\/div>\n\t\t\t\t<\/div>\n\t\t\t\t\t\t\t\t<\/div>\n\t\t\t\t\t\t<\/div>\n\t\t\t\t<\/div>\n\t\t\t\t\t<\/div>\n\t\t<\/div>\n\t\t\t\t\t<\/div>\n\t\t<\/section>\n\t\t\t\t<\/div>","protected":false},"excerpt":{"rendered":"<p>FAQ Centre d&rsquo;Affaires Equinoxe La FAQ du Centre d&rsquo;affaires Equinoxe tente de r\u00e9pondre \u00e0 toutes vos questions en vous apportant des r\u00e9ponses claires et simplifi\u00e9es. Quelles sont les pi\u00e8ces \u00e0 fournir obligatoirement pour me domicilier ? Pi\u00e8ce d&rsquo;identit\u00e9 du dirigeant Justificatif de domicile personnel de &#8211; 3 mois du dirigeant Les statuts ou projets de [&hellip;]<\/p>","protected":false},"author":1,"featured_media":0,"parent":0,"menu_order":0,"comment_status":"closed","ping_status":"closed","template":"","meta":{"footnotes":""},"class_list":["post-19","page","type-page","status-publish","hentry","entry"],"yoast_head":"<!-- This site is optimized with the Yoast SEO plugin v24.3 - https:\/\/yoast.com\/wordpress\/plugins\/seo\/ -->\n<title>FAQ Centre d&#039;affaires Equinoxe : Des R\u00e9ponses Simplifi\u00e9es<\/title>\n<meta name=\"description\" content=\"FAQ du Centre d&#039;Affaires : D\u00e9couvrez d\u00e8s maintenant nos r\u00e9ponses expertes \u00e0 vos questions professionnelles.\" \/>\n<meta name=\"robots\" content=\"index, follow, max-snippet:-1, max-image-preview:large, max-video-preview:-1\" \/>\n<link rel=\"canonical\" href=\"https:\/\/caequinoxe66.com\/es\/faq-centre-daffaires\/\" \/>\n<meta property=\"og:locale\" content=\"es_ES\" \/>\n<meta property=\"og:type\" content=\"article\" \/>\n<meta property=\"og:title\" content=\"FAQ Centre d&#039;affaires Equinoxe : Des R\u00e9ponses Simplifi\u00e9es\" \/>\n<meta property=\"og:description\" content=\"FAQ du Centre d&#039;Affaires : D\u00e9couvrez d\u00e8s maintenant nos r\u00e9ponses expertes \u00e0 vos questions professionnelles.\" \/>\n<meta property=\"og:url\" content=\"https:\/\/caequinoxe66.com\/es\/faq-centre-daffaires\/\" \/>\n<meta property=\"og:site_name\" content=\"CA Equinoxe\" \/>\n<meta property=\"article:publisher\" content=\"https:\/\/www.facebook.com\/profile.php?id=100064032933552\" \/>\n<meta property=\"article:modified_time\" content=\"2023-08-29T12:12:09+00:00\" \/>\n<meta name=\"twitter:card\" content=\"summary_large_image\" \/>\n<meta name=\"twitter:label1\" content=\"Tiempo de lectura\" \/>\n\t<meta name=\"twitter:data1\" content=\"2 minutos\" \/>\n<script type=\"application\/ld+json\" class=\"yoast-schema-graph\">{\"@context\":\"https:\/\/schema.org\",\"@graph\":[{\"@type\":\"WebPage\",\"@id\":\"https:\/\/caequinoxe66.com\/faq-centre-daffaires\/\",\"url\":\"https:\/\/caequinoxe66.com\/faq-centre-daffaires\/\",\"name\":\"FAQ Centre d'affaires Equinoxe : Des R\u00e9ponses Simplifi\u00e9es\",\"isPartOf\":{\"@id\":\"https:\/\/caequinoxe66.com\/#website\"},\"datePublished\":\"2023-07-21T15:16:50+00:00\",\"dateModified\":\"2023-08-29T12:12:09+00:00\",\"description\":\"FAQ du Centre d'Affaires : D\u00e9couvrez d\u00e8s maintenant nos r\u00e9ponses expertes \u00e0 vos questions professionnelles.\",\"breadcrumb\":{\"@id\":\"https:\/\/caequinoxe66.com\/faq-centre-daffaires\/#breadcrumb\"},\"inLanguage\":\"es\",\"potentialAction\":[{\"@type\":\"ReadAction\",\"target\":[\"https:\/\/caequinoxe66.com\/faq-centre-daffaires\/\"]}]},{\"@type\":\"BreadcrumbList\",\"@id\":\"https:\/\/caequinoxe66.com\/faq-centre-daffaires\/#breadcrumb\",\"itemListElement\":[{\"@type\":\"ListItem\",\"position\":1,\"name\":\"Accueil\",\"item\":\"https:\/\/caequinoxe66.com\/\"},{\"@type\":\"ListItem\",\"position\":2,\"name\":\"FAQ\"}]},{\"@type\":\"WebSite\",\"@id\":\"https:\/\/caequinoxe66.com\/#website\",\"url\":\"https:\/\/caequinoxe66.com\/\",\"name\":\"CA Equinoxe\",\"description\":\"Centre d&#039;Affaires Equinoxe\",\"publisher\":{\"@id\":\"https:\/\/caequinoxe66.com\/#organization\"},\"potentialAction\":[{\"@type\":\"SearchAction\",\"target\":{\"@type\":\"EntryPoint\",\"urlTemplate\":\"https:\/\/caequinoxe66.com\/?s={search_term_string}\"},\"query-input\":{\"@type\":\"PropertyValueSpecification\",\"valueRequired\":true,\"valueName\":\"search_term_string\"}}],\"inLanguage\":\"es\"},{\"@type\":\"Organization\",\"@id\":\"https:\/\/caequinoxe66.com\/#organization\",\"name\":\"Centre d'affaires Equinoxe\",\"url\":\"https:\/\/caequinoxe66.com\/\",\"logo\":{\"@type\":\"ImageObject\",\"inLanguage\":\"es\",\"@id\":\"https:\/\/caequinoxe66.com\/#\/schema\/logo\/image\/\",\"url\":\"https:\/\/caequinoxe66.com\/wp-content\/uploads\/2023\/07\/cropped-1.png\",\"contentUrl\":\"https:\/\/caequinoxe66.com\/wp-content\/uploads\/2023\/07\/cropped-1.png\",\"width\":222,\"height\":272,\"caption\":\"Centre d'affaires Equinoxe\"},\"image\":{\"@id\":\"https:\/\/caequinoxe66.com\/#\/schema\/logo\/image\/\"},\"sameAs\":[\"https:\/\/www.facebook.com\/profile.php?id=100064032933552\",\"https:\/\/www.instagram.com\/centredaffairesequinoxe\/\"]}]}<\/script>\n<!-- \/ Yoast SEO plugin. -->","yoast_head_json":{"title":"FAQ Centre d'affaires Equinoxe : Des R\u00e9ponses Simplifi\u00e9es","description":"FAQ du Centre d'Affaires : D\u00e9couvrez d\u00e8s maintenant nos r\u00e9ponses expertes \u00e0 vos questions professionnelles.","robots":{"index":"index","follow":"follow","max-snippet":"max-snippet:-1","max-image-preview":"max-image-preview:large","max-video-preview":"max-video-preview:-1"},"canonical":"https:\/\/caequinoxe66.com\/es\/faq-centre-daffaires\/","og_locale":"es_ES","og_type":"article","og_title":"FAQ Centre d'affaires Equinoxe : Des R\u00e9ponses Simplifi\u00e9es","og_description":"FAQ du Centre d'Affaires : D\u00e9couvrez d\u00e8s maintenant nos r\u00e9ponses expertes \u00e0 vos questions professionnelles.","og_url":"https:\/\/caequinoxe66.com\/es\/faq-centre-daffaires\/","og_site_name":"CA Equinoxe","article_publisher":"https:\/\/www.facebook.com\/profile.php?id=100064032933552","article_modified_time":"2023-08-29T12:12:09+00:00","twitter_card":"summary_large_image","twitter_misc":{"Tiempo de lectura":"2 minutos"},"schema":{"@context":"https:\/\/schema.org","@graph":[{"@type":"WebPage","@id":"https:\/\/caequinoxe66.com\/faq-centre-daffaires\/","url":"https:\/\/caequinoxe66.com\/faq-centre-daffaires\/","name":"FAQ Centre d'affaires Equinoxe : Des R\u00e9ponses Simplifi\u00e9es","isPartOf":{"@id":"https:\/\/caequinoxe66.com\/#website"},"datePublished":"2023-07-21T15:16:50+00:00","dateModified":"2023-08-29T12:12:09+00:00","description":"FAQ du Centre d'Affaires : D\u00e9couvrez d\u00e8s maintenant nos r\u00e9ponses expertes \u00e0 vos questions professionnelles.","breadcrumb":{"@id":"https:\/\/caequinoxe66.com\/faq-centre-daffaires\/#breadcrumb"},"inLanguage":"es","potentialAction":[{"@type":"ReadAction","target":["https:\/\/caequinoxe66.com\/faq-centre-daffaires\/"]}]},{"@type":"BreadcrumbList","@id":"https:\/\/caequinoxe66.com\/faq-centre-daffaires\/#breadcrumb","itemListElement":[{"@type":"ListItem","position":1,"name":"Accueil","item":"https:\/\/caequinoxe66.com\/"},{"@type":"ListItem","position":2,"name":"FAQ"}]},{"@type":"WebSite","@id":"https:\/\/caequinoxe66.com\/#website","url":"https:\/\/caequinoxe66.com\/","name":"CA Equinoxe","description":"Centre d&#039;Affaires Equinoxe","publisher":{"@id":"https:\/\/caequinoxe66.com\/#organization"},"potentialAction":[{"@type":"SearchAction","target":{"@type":"EntryPoint","urlTemplate":"https:\/\/caequinoxe66.com\/?s={search_term_string}"},"query-input":{"@type":"PropertyValueSpecification","valueRequired":true,"valueName":"search_term_string"}}],"inLanguage":"es"},{"@type":"Organization","@id":"https:\/\/caequinoxe66.com\/#organization","name":"Centre d'affaires Equinoxe","url":"https:\/\/caequinoxe66.com\/","logo":{"@type":"ImageObject","inLanguage":"es","@id":"https:\/\/caequinoxe66.com\/#\/schema\/logo\/image\/","url":"https:\/\/caequinoxe66.com\/wp-content\/uploads\/2023\/07\/cropped-1.png","contentUrl":"https:\/\/caequinoxe66.com\/wp-content\/uploads\/2023\/07\/cropped-1.png","width":222,"height":272,"caption":"Centre d'affaires Equinoxe"},"image":{"@id":"https:\/\/caequinoxe66.com\/#\/schema\/logo\/image\/"},"sameAs":["https:\/\/www.facebook.com\/profile.php?id=100064032933552","https:\/\/www.instagram.com\/centredaffairesequinoxe\/"]}]}},"_links":{"self":[{"href":"https:\/\/caequinoxe66.com\/es\/wp-json\/wp\/v2\/pages\/19","targetHints":{"allow":["GET"]}}],"collection":[{"href":"https:\/\/caequinoxe66.com\/es\/wp-json\/wp\/v2\/pages"}],"about":[{"href":"https:\/\/caequinoxe66.com\/es\/wp-json\/wp\/v2\/types\/page"}],"author":[{"embeddable":true,"href":"https:\/\/caequinoxe66.com\/es\/wp-json\/wp\/v2\/users\/1"}],"replies":[{"embeddable":true,"href":"https:\/\/caequinoxe66.com\/es\/wp-json\/wp\/v2\/comments?post=19"}],"version-history":[{"count":27,"href":"https:\/\/caequinoxe66.com\/es\/wp-json\/wp\/v2\/pages\/19\/revisions"}],"predecessor-version":[{"id":1004,"href":"https:\/\/caequinoxe66.com\/es\/wp-json\/wp\/v2\/pages\/19\/revisions\/1004"}],"wp:attachment":[{"href":"https:\/\/caequinoxe66.com\/es\/wp-json\/wp\/v2\/media?parent=19"}],"curies":[{"name":"wp","href":"https:\/\/api.w.org\/{rel}","templated":true}]}}