{"id":21,"date":"2023-07-21T15:17:25","date_gmt":"2023-07-21T15:17:25","guid":{"rendered":"http:\/\/caequinoxe66.com\/?page_id=21"},"modified":"2023-08-29T12:34:16","modified_gmt":"2023-08-29T12:34:16","slug":"contact","status":"publish","type":"page","link":"https:\/\/caequinoxe66.com\/es\/contact\/","title":{"rendered":"Contacto"},"content":{"rendered":"<div data-elementor-type=\"wp-page\" data-elementor-id=\"21\" class=\"elementor elementor-21\">\n\t\t\t\t\t\t<section class=\"elementor-section elementor-top-section elementor-element elementor-element-d48e5dc elementor-section-boxed elementor-section-height-default elementor-section-height-default\" data-id=\"d48e5dc\" data-element_type=\"section\">\n\t\t\t\t\t\t<div class=\"elementor-container elementor-column-gap-default\">\n\t\t\t\t\t<div class=\"elementor-column elementor-col-100 elementor-top-column elementor-element elementor-element-224315c\" data-id=\"224315c\" data-element_type=\"column\">\n\t\t\t<div class=\"elementor-widget-wrap elementor-element-populated\">\n\t\t\t\t\t\t<div class=\"elementor-element elementor-element-ef52ae8 elementor-widget elementor-widget-heading\" data-id=\"ef52ae8\" data-element_type=\"widget\" data-widget_type=\"heading.default\">\n\t\t\t\t<div class=\"elementor-widget-container\">\n\t\t\t\t\t<h2 class=\"elementor-heading-title elementor-size-default\">Cont\u00e1ctenos<\/h2>\t\t\t\t<\/div>\n\t\t\t\t<\/div>\n\t\t\t\t<div class=\"elementor-element elementor-element-b9d6bc4 elementor-widget elementor-widget-formidable\" data-id=\"b9d6bc4\" data-element_type=\"widget\" data-widget_type=\"formidable.default\">\n\t\t\t\t<div class=\"elementor-widget-container\">\n\t\t\t\t\t<div class=\"frm_forms  with_frm_style frm_style_style-formidable\" id=\"frm_form_2_container\" data-token=\"25e754b768b40952b7b4c07cdc734ac8\">\n<form enctype=\"multipart\/form-data\" method=\"post\" class=\"frm-show-form\" id=\"form_agqzs\" data-token=\"25e754b768b40952b7b4c07cdc734ac8\" action=\"\">\n<div class=\"frm_form_fields\">\n<fieldset>\n<legend class=\"frm_screen_reader\">Contacto<\/legend>\r\n\r\n<div class=\"frm_fields_container\">\n<input type=\"hidden\" name=\"frm_action\" value=\"create\" \/>\n<input type=\"hidden\" name=\"form_id\" value=\"2\" \/>\n<input type=\"hidden\" name=\"frm_hide_fields_2\" id=\"frm_hide_fields_2\" value=\"\" \/>\n<input type=\"hidden\" name=\"form_key\" value=\"agqzs\" \/>\n<input type=\"hidden\" name=\"item_meta[0]\" value=\"\" \/>\n<input type=\"hidden\" id=\"frm_submit_entry_2\" name=\"frm_submit_entry_2\" value=\"f19eea8a3b\" \/><input type=\"hidden\" name=\"_wp_http_referer\" value=\"\/es\/wp-json\/wp\/v2\/pages\/21\" \/><div id=\"frm_field_6_container\" class=\"frm_form_field form-field  frm_required_field frm_top_container frm6 frm_first\">\r\n    <label for=\"field_iaeaz\" id=\"field_iaeaz_label\" class=\"frm_primary_label\">Nombre\r\n        <span class=\"frm_required\" aria-hidden=\"true\">*<\/span>\r\n    <\/label>\r\n    <input type=\"text\" id=\"field_iaeaz\" name=\"item_meta[6]\" value=\"\"  data-reqmsg=\"Ce champ ne peut pas \u00eatre vide\" aria-required=\"true\" data-invmsg=\"texte est non valide\" aria-invalid=\"false\"  \/>\r\n    \r\n    \r\n<\/div>\n<div id=\"frm_field_7_container\" class=\"frm_form_field form-field  frm_required_field frm_top_container frm6\">\r\n    <label for=\"field_psgd\" id=\"field_psgd_label\" class=\"frm_primary_label\">Apellido\r\n        <span class=\"frm_required\" aria-hidden=\"true\">*<\/span>\r\n    <\/label>\r\n    <input type=\"text\" id=\"field_psgd\" name=\"item_meta[7]\" value=\"\"  data-reqmsg=\"Ce champ ne peut pas \u00eatre vide\" aria-required=\"true\" data-invmsg=\"texte est non valide\" aria-invalid=\"false\"  \/>\r\n    \r\n    \r\n<\/div>\n<div id=\"frm_field_8_container\" class=\"frm_form_field form-field  frm_top_container frm6 frm_first\">\r\n    <label for=\"field_63jwi\" id=\"field_63jwi_label\" class=\"frm_primary_label\">Nombre de la empresa\r\n        <span class=\"frm_required\" aria-hidden=\"true\"><\/span>\r\n    <\/label>\r\n    <input type=\"text\" id=\"field_63jwi\" name=\"item_meta[8]\" value=\"\"  data-invmsg=\"texte est non valide\" aria-invalid=\"false\"  \/>\r\n    \r\n    \r\n<\/div>\n<div id=\"frm_field_13_container\" class=\"frm_form_field form-field  frm_top_container frm6\">\r\n    <label for=\"field_ozw2t\" id=\"field_ozw2t_label\" class=\"frm_primary_label\">Tel\u00e9fono\r\n        <span class=\"frm_required\" aria-hidden=\"true\"><\/span>\r\n    <\/label>\r\n    <input type=\"tel\" id=\"field_ozw2t\" name=\"item_meta[13]\" value=\"\"  data-invmsg=\"T\u00e9l\u00e9phone est non valide\" aria-invalid=\"false\" pattern=\"((\\+\\d{1,3}(-|.| )?\\(?\\d\\)?(-| |.)?\\d{1,5})|(\\(?\\d{2,6}\\)?))(-|.| )?(\\d{3,4})(-|.| )?(\\d{4})(( x| ext)\\d{1,5}){0,1}$\"  \/>\r\n    \r\n    \r\n<\/div>\n<div id=\"frm_field_9_container\" class=\"frm_form_field form-field  frm_required_field frm_top_container\">\r\n    <label for=\"field_ph6lo\" id=\"field_ph6lo_label\" class=\"frm_primary_label\">Correo electr\u00f3nico\r\n        <span class=\"frm_required\" aria-hidden=\"true\">*<\/span>\r\n    <\/label>\r\n    <input type=\"email\" id=\"field_ph6lo\" name=\"item_meta[9]\" value=\"\"  data-reqmsg=\"Ce champ ne peut pas \u00eatre vide\" aria-required=\"true\" data-invmsg=\"Email est non valide\" aria-invalid=\"false\"  \/>\r\n    \r\n    \r\n<\/div>\n<div id=\"frm_field_15_container\" class=\"frm_form_field form-field  frm_top_container\">\r\n    <label for=\"field_59ttd\" id=\"field_59ttd_label\" class=\"frm_primary_label\">Elecci\u00f3n del pack\r\n        <span class=\"frm_required\" aria-hidden=\"true\"><\/span>\r\n    <\/label>\r\n    \t\t<select name=\"item_meta[15]\" id=\"field_59ttd\"  data-invmsg=\"Choix du pack no es v\u00e1lido\" aria-invalid=\"false\"  >\n\t\t<option  value=\"\" selected='selected'> <\/option><option  value=\"Pack Essentiel\">Pack Essentiel<\/option><option  value=\"Pack Privil\u00e8ge\">Pack Privil\u00e8ge<\/option><option  value=\"Pack Sur mesure\">Pack Sur mesure<\/option>\t<\/select>\n\t\r\n    \r\n    \r\n<\/div>\n<div id=\"frm_field_12_container\" class=\"frm_form_field form-field  frm_required_field frm_top_container\">\r\n    <label for=\"field_y5edf\" id=\"field_y5edf_label\" class=\"frm_primary_label\">Objecto\r\n        <span class=\"frm_required\" aria-hidden=\"true\">*<\/span>\r\n    <\/label>\r\n    <input type=\"text\" id=\"field_y5edf\" name=\"item_meta[12]\" value=\"\"  data-reqmsg=\"Ce champ ne peut pas \u00eatre vide\" aria-required=\"true\" data-invmsg=\"texte est non valide\" aria-invalid=\"false\"  \/>\r\n    \r\n    \r\n<\/div>\n<div id=\"frm_field_14_container\" class=\"frm_form_field form-field  frm_required_field frm_top_container\">\r\n    <label for=\"field_f9iku\" id=\"field_f9iku_label\" class=\"frm_primary_label\">Su mensaje\r\n        <span class=\"frm_required\" aria-hidden=\"true\">*<\/span>\r\n    <\/label>\r\n    <textarea name=\"item_meta[14]\" id=\"field_f9iku\" rows=\"5\"  data-reqmsg=\"Ce champ ne peut pas \u00eatre vide\" aria-required=\"true\" data-invmsg=\"Votre message no es v\u00e1lido\" aria-invalid=\"false\"  ><\/textarea>\r\n    \r\n    \r\n<\/div>\n<div id=\"frm_field_38_container\" class=\"frm_form_field form-field  frm_none_container\">\r\n    <label for=\"g-recaptcha-response\" id=\"field_429d2_label\" class=\"frm_primary_label\">Captcha\r\n        <span class=\"frm_required\" aria-hidden=\"true\"><\/span>\r\n    <\/label>\r\n    <div  id=\"field_429d2\" class=\"frm-g-recaptcha\" data-sitekey=\"6LfQMSApAAAAANw6ZIF-pC-O1M58PlUv6e_8ffrz\" data-size=\"invisible\" data-theme=\"light\"><\/div>\r\n    \r\n    \r\n<\/div>\n<div id=\"frm_field_41_container\" class=\"frm_form_field form-field\">\r\n\t<div class=\"frm_submit\">\r\n\r\n<button class=\"frm_button_submit\" type=\"submit\"  >Enviar<\/button>\r\n\r\n\r\n<\/div>\r\n<\/div>\n\t<input type=\"hidden\" name=\"item_key\" value=\"\" \/>\n\t\t\t\t<div class=\"frm__6523cc8662206\">\n\t\t\t\t<label for=\"frm_email_2\" >\n\t\t\t\t\tSi eres humano, deja este campo en blanco.\t\t\t\t<\/label>\n\t\t\t\t<input  id=\"frm_email_2\" type=\"text\" class=\"frm_verify\" name=\"frm__6523cc8662206\" value=\"\" autocomplete=\"off\"  \/>\n\t\t\t<\/div>\n\t\t<\/div>\n<\/fieldset>\n<\/div>\n\n<input type=\"hidden\" name=\"trp-form-language\" value=\"es\"\/><\/form>\n<\/div>\n\t\t\t\t<\/div>\n\t\t\t\t<\/div>\n\t\t\t\t\t<\/div>\n\t\t<\/div>\n\t\t\t\t\t<\/div>\n\t\t<\/section>\n\t\t\t\t<section class=\"elementor-section elementor-top-section elementor-element elementor-element-fd438d2 elementor-section-boxed elementor-section-height-default elementor-section-height-default\" data-id=\"fd438d2\" data-element_type=\"section\">\n\t\t\t\t\t\t<div class=\"elementor-container elementor-column-gap-default\">\n\t\t\t\t\t<div class=\"elementor-column elementor-col-100 elementor-top-column elementor-element elementor-element-bf840d2\" data-id=\"bf840d2\" data-element_type=\"column\">\n\t\t\t<div class=\"elementor-widget-wrap elementor-element-populated\">\n\t\t\t\t\t\t<div class=\"elementor-element elementor-element-fed6eef elementor-widget elementor-widget-heading\" data-id=\"fed6eef\" data-element_type=\"widget\" data-widget_type=\"heading.default\">\n\t\t\t\t<div class=\"elementor-widget-container\">\n\t\t\t\t\t<h2 class=\"elementor-heading-title elementor-size-default\">Encu\u00e9ntranos<\/h2>\t\t\t\t<\/div>\n\t\t\t\t<\/div>\n\t\t\t\t<div class=\"elementor-element elementor-element-97bae5e elementor-widget elementor-widget-google_maps\" data-id=\"97bae5e\" data-element_type=\"widget\" data-widget_type=\"google_maps.default\">\n\t\t\t\t<div class=\"elementor-widget-container\">\n\t\t\t\t\t\t\t<div class=\"elementor-custom-embed\">\n\t\t\t<iframe loading=\"lazy\"\n\t\t\t\t\tsrc=\"https:\/\/maps.google.com\/maps?q=5%20rue%20du%20moulinas%2066&#038;t=m&#038;z=13&#038;output=embed&#038;iwloc=near\"\n\t\t\t\t\ttitle=\"5 rue du moulinas 66\"\n\t\t\t\t\taria-label=\"5 rue du moulinas 66\"\n\t\t\t><\/iframe>\n\t\t<\/div>\n\t\t\t\t\t\t<\/div>\n\t\t\t\t<\/div>\n\t\t\t\t\t<\/div>\n\t\t<\/div>\n\t\t\t\t\t<\/div>\n\t\t<\/section>\n\t\t\t\t<\/div>","protected":false},"excerpt":{"rendered":"<p>Contactez-nous Contact Pr\u00e9nom * Nom * Nom soci\u00e9t\u00e9 T\u00e9l\u00e9phone * Email * Choix du pack Pack EssentielPack Privil\u00e8gePack Sur mesure Objet * Votre message * Si vous \u00eates un humain, ne remplissez pas ce champ. Envoyer Trouvez-nous<\/p>","protected":false},"author":1,"featured_media":0,"parent":0,"menu_order":0,"comment_status":"closed","ping_status":"closed","template":"","meta":{"footnotes":""},"class_list":["post-21","page","type-page","status-publish","hentry","entry"],"yoast_head":"<!-- This site is optimized with the Yoast SEO plugin v24.3 - https:\/\/yoast.com\/wordpress\/plugins\/seo\/ -->\n<title>Contact Pour Domiciliation d&#039;Entreprise<\/title>\n<meta name=\"description\" content=\"Formulaire Contact : pour une domiciliation d&#039;entreprise rapide. Notre \u00e9quipe experte est l\u00e0 pour r\u00e9pondre \u00e0 vos besoins d\u00e8s aujourd&#039;hui !\" \/>\n<meta name=\"robots\" content=\"index, follow, max-snippet:-1, max-image-preview:large, max-video-preview:-1\" \/>\n<link rel=\"canonical\" href=\"https:\/\/caequinoxe66.com\/es\/contact\/\" \/>\n<meta property=\"og:locale\" content=\"es_ES\" \/>\n<meta property=\"og:type\" content=\"article\" \/>\n<meta property=\"og:title\" content=\"Contact Pour Domiciliation d&#039;Entreprise\" \/>\n<meta property=\"og:description\" content=\"Formulaire Contact : pour une domiciliation d&#039;entreprise rapide. Notre \u00e9quipe experte est l\u00e0 pour r\u00e9pondre \u00e0 vos besoins d\u00e8s aujourd&#039;hui !\" \/>\n<meta property=\"og:url\" content=\"https:\/\/caequinoxe66.com\/es\/contact\/\" \/>\n<meta property=\"og:site_name\" content=\"CA Equinoxe\" \/>\n<meta property=\"article:publisher\" content=\"https:\/\/www.facebook.com\/profile.php?id=100064032933552\" \/>\n<meta property=\"article:modified_time\" content=\"2023-08-29T12:34:16+00:00\" \/>\n<meta name=\"twitter:card\" content=\"summary_large_image\" \/>\n<meta name=\"twitter:label1\" content=\"Tiempo de lectura\" \/>\n\t<meta name=\"twitter:data1\" content=\"1 minuto\" \/>\n<script type=\"application\/ld+json\" class=\"yoast-schema-graph\">{\"@context\":\"https:\/\/schema.org\",\"@graph\":[{\"@type\":\"WebPage\",\"@id\":\"https:\/\/caequinoxe66.com\/contact\/\",\"url\":\"https:\/\/caequinoxe66.com\/contact\/\",\"name\":\"Contact Pour Domiciliation d'Entreprise\",\"isPartOf\":{\"@id\":\"https:\/\/caequinoxe66.com\/#website\"},\"datePublished\":\"2023-07-21T15:17:25+00:00\",\"dateModified\":\"2023-08-29T12:34:16+00:00\",\"description\":\"Formulaire Contact : pour une domiciliation d'entreprise rapide. Notre \u00e9quipe experte est l\u00e0 pour r\u00e9pondre \u00e0 vos besoins d\u00e8s aujourd'hui !\",\"breadcrumb\":{\"@id\":\"https:\/\/caequinoxe66.com\/contact\/#breadcrumb\"},\"inLanguage\":\"es\",\"potentialAction\":[{\"@type\":\"ReadAction\",\"target\":[\"https:\/\/caequinoxe66.com\/contact\/\"]}]},{\"@type\":\"BreadcrumbList\",\"@id\":\"https:\/\/caequinoxe66.com\/contact\/#breadcrumb\",\"itemListElement\":[{\"@type\":\"ListItem\",\"position\":1,\"name\":\"Accueil\",\"item\":\"https:\/\/caequinoxe66.com\/\"},{\"@type\":\"ListItem\",\"position\":2,\"name\":\"Contact\"}]},{\"@type\":\"WebSite\",\"@id\":\"https:\/\/caequinoxe66.com\/#website\",\"url\":\"https:\/\/caequinoxe66.com\/\",\"name\":\"CA Equinoxe\",\"description\":\"Centre d&#039;Affaires Equinoxe\",\"publisher\":{\"@id\":\"https:\/\/caequinoxe66.com\/#organization\"},\"potentialAction\":[{\"@type\":\"SearchAction\",\"target\":{\"@type\":\"EntryPoint\",\"urlTemplate\":\"https:\/\/caequinoxe66.com\/?s={search_term_string}\"},\"query-input\":{\"@type\":\"PropertyValueSpecification\",\"valueRequired\":true,\"valueName\":\"search_term_string\"}}],\"inLanguage\":\"es\"},{\"@type\":\"Organization\",\"@id\":\"https:\/\/caequinoxe66.com\/#organization\",\"name\":\"Centre d'affaires Equinoxe\",\"url\":\"https:\/\/caequinoxe66.com\/\",\"logo\":{\"@type\":\"ImageObject\",\"inLanguage\":\"es\",\"@id\":\"https:\/\/caequinoxe66.com\/#\/schema\/logo\/image\/\",\"url\":\"https:\/\/caequinoxe66.com\/wp-content\/uploads\/2023\/07\/cropped-1.png\",\"contentUrl\":\"https:\/\/caequinoxe66.com\/wp-content\/uploads\/2023\/07\/cropped-1.png\",\"width\":222,\"height\":272,\"caption\":\"Centre d'affaires Equinoxe\"},\"image\":{\"@id\":\"https:\/\/caequinoxe66.com\/#\/schema\/logo\/image\/\"},\"sameAs\":[\"https:\/\/www.facebook.com\/profile.php?id=100064032933552\",\"https:\/\/www.instagram.com\/centredaffairesequinoxe\/\"]}]}<\/script>\n<!-- \/ Yoast SEO plugin. -->","yoast_head_json":{"title":"Contact Pour Domiciliation d'Entreprise","description":"Formulaire Contact : pour une domiciliation d'entreprise rapide. Notre \u00e9quipe experte est l\u00e0 pour r\u00e9pondre \u00e0 vos besoins d\u00e8s aujourd'hui !","robots":{"index":"index","follow":"follow","max-snippet":"max-snippet:-1","max-image-preview":"max-image-preview:large","max-video-preview":"max-video-preview:-1"},"canonical":"https:\/\/caequinoxe66.com\/es\/contact\/","og_locale":"es_ES","og_type":"article","og_title":"Contact Pour Domiciliation d'Entreprise","og_description":"Formulaire Contact : pour une domiciliation d'entreprise rapide. Notre \u00e9quipe experte est l\u00e0 pour r\u00e9pondre \u00e0 vos besoins d\u00e8s aujourd'hui !","og_url":"https:\/\/caequinoxe66.com\/es\/contact\/","og_site_name":"CA Equinoxe","article_publisher":"https:\/\/www.facebook.com\/profile.php?id=100064032933552","article_modified_time":"2023-08-29T12:34:16+00:00","twitter_card":"summary_large_image","twitter_misc":{"Tiempo de lectura":"1 minuto"},"schema":{"@context":"https:\/\/schema.org","@graph":[{"@type":"WebPage","@id":"https:\/\/caequinoxe66.com\/contact\/","url":"https:\/\/caequinoxe66.com\/contact\/","name":"Contact Pour Domiciliation d'Entreprise","isPartOf":{"@id":"https:\/\/caequinoxe66.com\/#website"},"datePublished":"2023-07-21T15:17:25+00:00","dateModified":"2023-08-29T12:34:16+00:00","description":"Formulaire Contact : pour une domiciliation d'entreprise rapide. Notre \u00e9quipe experte est l\u00e0 pour r\u00e9pondre \u00e0 vos besoins d\u00e8s aujourd'hui !","breadcrumb":{"@id":"https:\/\/caequinoxe66.com\/contact\/#breadcrumb"},"inLanguage":"es","potentialAction":[{"@type":"ReadAction","target":["https:\/\/caequinoxe66.com\/contact\/"]}]},{"@type":"BreadcrumbList","@id":"https:\/\/caequinoxe66.com\/contact\/#breadcrumb","itemListElement":[{"@type":"ListItem","position":1,"name":"Accueil","item":"https:\/\/caequinoxe66.com\/"},{"@type":"ListItem","position":2,"name":"Contact"}]},{"@type":"WebSite","@id":"https:\/\/caequinoxe66.com\/#website","url":"https:\/\/caequinoxe66.com\/","name":"CA Equinoxe","description":"Centre d&#039;Affaires Equinoxe","publisher":{"@id":"https:\/\/caequinoxe66.com\/#organization"},"potentialAction":[{"@type":"SearchAction","target":{"@type":"EntryPoint","urlTemplate":"https:\/\/caequinoxe66.com\/?s={search_term_string}"},"query-input":{"@type":"PropertyValueSpecification","valueRequired":true,"valueName":"search_term_string"}}],"inLanguage":"es"},{"@type":"Organization","@id":"https:\/\/caequinoxe66.com\/#organization","name":"Centre d'affaires Equinoxe","url":"https:\/\/caequinoxe66.com\/","logo":{"@type":"ImageObject","inLanguage":"es","@id":"https:\/\/caequinoxe66.com\/#\/schema\/logo\/image\/","url":"https:\/\/caequinoxe66.com\/wp-content\/uploads\/2023\/07\/cropped-1.png","contentUrl":"https:\/\/caequinoxe66.com\/wp-content\/uploads\/2023\/07\/cropped-1.png","width":222,"height":272,"caption":"Centre d'affaires Equinoxe"},"image":{"@id":"https:\/\/caequinoxe66.com\/#\/schema\/logo\/image\/"},"sameAs":["https:\/\/www.facebook.com\/profile.php?id=100064032933552","https:\/\/www.instagram.com\/centredaffairesequinoxe\/"]}]}},"_links":{"self":[{"href":"https:\/\/caequinoxe66.com\/es\/wp-json\/wp\/v2\/pages\/21","targetHints":{"allow":["GET"]}}],"collection":[{"href":"https:\/\/caequinoxe66.com\/es\/wp-json\/wp\/v2\/pages"}],"about":[{"href":"https:\/\/caequinoxe66.com\/es\/wp-json\/wp\/v2\/types\/page"}],"author":[{"embeddable":true,"href":"https:\/\/caequinoxe66.com\/es\/wp-json\/wp\/v2\/users\/1"}],"replies":[{"embeddable":true,"href":"https:\/\/caequinoxe66.com\/es\/wp-json\/wp\/v2\/comments?post=21"}],"version-history":[{"count":19,"href":"https:\/\/caequinoxe66.com\/es\/wp-json\/wp\/v2\/pages\/21\/revisions"}],"predecessor-version":[{"id":1010,"href":"https:\/\/caequinoxe66.com\/es\/wp-json\/wp\/v2\/pages\/21\/revisions\/1010"}],"wp:attachment":[{"href":"https:\/\/caequinoxe66.com\/es\/wp-json\/wp\/v2\/media?parent=21"}],"curies":[{"name":"wp","href":"https:\/\/api.w.org\/{rel}","templated":true}]}}