{"id":3,"date":"2023-07-21T14:33:46","date_gmt":"2023-07-21T14:33:46","guid":{"rendered":"http:\/\/caequinoxe66.com\/?page_id=3"},"modified":"2023-09-12T07:22:47","modified_gmt":"2023-09-12T07:22:47","slug":"politique-de-confidentialite","status":"publish","type":"page","link":"https:\/\/caequinoxe66.com\/es\/politique-de-confidentialite\/","title":{"rendered":"Pol\u00edtica de privacidad"},"content":{"rendered":"<h2 class=\"wp-block-heading has-large-font-size\">Pol\u00edtica de privacidad<\/h2>\n\n\n\n<p style=\"font-size:14px\">La pr\u00e9sente Politique de confidentialit\u00e9 et de respect de la vie priv\u00e9e a pour but d\u2019informer les utilisateurs du site caequinoxe66. com de l\u2019utilisation de leurs donn\u00e9es personnelles.<\/p>\n\n\n\n<p>L\u2019expression \u00ab donn\u00e9es personnelles \u00bb d\u00e9signe toutes les informations relatives \u00e0 votre personne, par laquelle on peut vous identifier directement ou indirectement.<\/p>\n\n\n\n<p>Le Centre d\u2019Affaires \u00c9quinoxe est soucieux de prot\u00e9ger votre vie priv\u00e9e et vos donn\u00e9es personnelles lors de votre navigation sur son site internet. Ce texte vous informe sur les raisons et les finalit\u00e9s de la collecte des donn\u00e9es personnelles. Mais \u00e9galement sur l\u2019ensemble de vos droits et sur leur modalit\u00e9 d\u2019exercice en la mati\u00e8re.<\/p>\n\n\n\n<p>En utilisant le site internet <a href=\"http:\/\/caequinoxe66.com\/es\/\">http:\/\/caequinoxe66.com<\/a> vous acceptez les termes de la pr\u00e9sente politique de protection des donn\u00e9es personnelles. Le Centre d\u2019affaires \u00c9quinoxe se r\u00e9serve la possibilit\u00e9 de modifier librement cette politique. Toute modification aura un effet imm\u00e9diat.<\/p>\n\n\n\n<h2 class=\"wp-block-heading\">Les donn\u00e9es strictement n\u00e9cessaires <\/h2>\n\n\n\n<p>Seules les donn\u00e9es strictement n\u00e9cessaires \u00e0 la poursuite des objectifs du centre d&rsquo;affaires \u00c9quinoxe sont collect\u00e9es et trait\u00e9es. En effet, d\u2019apr\u00e8s la Direction g\u00e9n\u00e9rale de la Concurrence, de la Consommation et de la R\u00e9pression des Fraudes (DGCCRF) et le service de renseignement, les personnes qui exercent une activit\u00e9 de domiciliation sont tenues de respecter la r\u00e9glementation en mati\u00e8re de lutte contre le blanchiment d&rsquo;argent et le financement du terrorisme. <\/p>\n\n\n\n<h2 class=\"wp-block-heading\">La base juridique <\/h2>\n\n\n\n<p>Le traitement du centre d\u2019affaires \u00c9quinoxe, en mati\u00e8re de RGPD, se fonde sur une base juridique, celle des contrats de prestations de services. Il s\u2019agit de contrats de domiciliation ou de location de bureaux. Ils engendrent l\u2019obligation de d\u00e9tention de certaines donn\u00e9es personnelles du client par le domiciliataire.<\/p>\n\n\n\n<h2 class=\"wp-block-heading\">La conformit\u00e9 aux exigences du r\u00e8glement <\/h2>\n\n\n\n<p>Au regard de l\u2019obligation de protection des donn\u00e9es personnelles, le centre d\u2019affaires \u00c9quinoxe se conforme aux principes et r\u00e8gles r\u00e9gissant la protection des personnes physiques \u00e0 l&rsquo;\u00e9gard du traitement des donn\u00e9es \u00e0 caract\u00e8re personnel les concernant et ce quelle que soit la nationalit\u00e9 ou la r\u00e9sidence de ces personnes physiques dans le respect de leurs libert\u00e9s et droits fondamentaux.<\/p>\n\n\n\n<p>D\u2019apr\u00e8s l\u2019article 13 du RGPD \u00ab&nbsp;<em>Afin d&rsquo;assurer un niveau coh\u00e9rent de protection des personnes physiques dans l&rsquo;ensemble de l&rsquo;Union, et d&rsquo;\u00e9viter que des divergences n&rsquo;entravent la libre circulation des donn\u00e9es \u00e0 caract\u00e8re personnel au sein du march\u00e9 int\u00e9rieur, un r\u00e8glement est n\u00e9cessaire pour garantir la s\u00e9curit\u00e9 juridique et la transparence aux op\u00e9rateurs \u00e9conomiques, y compris les micro, petites et moyennes entreprises, pour offrir aux personnes physiques de tous les \u00c9tats membres un m\u00eame niveau de droits opposables et d&rsquo;obligations et de responsabilit\u00e9s pour les responsables du traitement, et pour assurer une surveillance coh\u00e9rente du traitement des donn\u00e9es \u00e0 caract\u00e8re personnel.<\/em>&nbsp;\u00bb.<\/p>\n\n\n\n<p>D\u2019apr\u00e8s l\u2019article 14 du RGPD <em>\u00ab&nbsp;La protection conf\u00e9r\u00e9e par le pr\u00e9sent r\u00e8glement devrait s&rsquo;appliquer aux personnes physiques, ind\u00e9pendamment de leur nationalit\u00e9 ou de leur lieu de r\u00e9sidence, en ce qui concerne le traitement de leurs donn\u00e9es \u00e0 caract\u00e8re personnel. Le pr\u00e9sent r\u00e8glement ne couvre pas le traitement des donn\u00e9es \u00e0 caract\u00e8re personnel qui concernent les personnes morales, et en particulier des entreprises dot\u00e9es de la personnalit\u00e9 juridique, y compris le nom, la forme juridique et les coordonn\u00e9es de la personne morale.<\/em>&nbsp;\u00bb.<\/p>\n\n\n\n<h2 class=\"wp-block-heading\">Les donn\u00e9es personnelles collect\u00e9es <\/h2>\n\n\n\n<p>Les informations collect\u00e9es peuvent comprendre des donn\u00e9es personnelles qui permettent de vous identifier ainsi que votre localisation et le type de navigateur utilis\u00e9. Certaines donn\u00e9es collect\u00e9es sont obligatoires tandis que d\u2019autres ne sont que facultatives.<\/p>\n\n\n\n<p>Les donn\u00e9es \u00e0 caract\u00e8re personnel susceptibles d\u2019\u00eatre collect\u00e9es sont :<br>\u2013 Les donn\u00e9es personnelles fournies pour recevoir un service sp\u00e9cifique (formulaire de contact et de r\u00e9servation).<br>\u2013 Des donn\u00e9es de navigation (par exemple, adresse IP, localisation \u2013 pays -, informations sur les pages visit\u00e9es par l\u2019utilisateur sur le site internet, temps d\u2019acc\u00e8s sur le site internet, temps de navigation sur chaque page\u2026). Bien que nous ne collections pas ces informations afin de les lier \u00e0 des utilisateurs sp\u00e9cifiques, il est toujours possible d\u2019identifier ces utilisateurs soit directement, soit en en corr\u00e9lation avec les informations collect\u00e9es.<br>\u2013 Cookies (fichiers texte pouvant \u00eatre envoy\u00e9s et enregistr\u00e9s sur l\u2019ordinateur de l\u2019utilisateur par les sites internet visit\u00e9s, pour ensuite \u00eatre renvoy\u00e9s vers ces m\u00eames sites lorsque l\u2019utilisateur les visite \u00e0 nouveau).<\/p>\n\n\n\n<h2 class=\"wp-block-heading\">Destinataires des donn\u00e9es<\/h2>\n\n\n\n<p>Toutes les informations recueillies restent la propri\u00e9t\u00e9 int\u00e9grale du Centre d\u2019Affaires \u00c9quinoxe. Aucune information ne sera redistribu\u00e9e sans l\u2019accord pr\u00e9alable de l\u2019utilisateur, et aucune information ne sera vendue \u00e0 des tiers.<\/p>\n\n\n\n<h2 class=\"wp-block-heading\">Loi informatiques et libert\u00e9s<\/h2>\n\n\n\n<p>Conform\u00e9ment \u00e0 la loi \u00ab informatique et libert\u00e9s \u00bb , vous disposez d\u2019un droit d\u2019acc\u00e8s, de rectification et de suppression aux informations qui vous concernent. <br>Vous pouvez \u00e9galement, pour des motifs l\u00e9gitimes, vous opposer au traitement des donn\u00e9es vous concernant. Pour en savoir plus, consultez vos droits sur le site de la CNIL.<\/p>\n\n\n\n<h2 class=\"wp-block-heading\">Conservation et h\u00e9bergement des donn\u00e9es collect\u00e9es<\/h2>\n\n\n\n<p>Les donn\u00e9es collect\u00e9es sont conserv\u00e9es par Centre d\u2019Affaires \u00c9quinoxe \u00e0 partir du moment o\u00f9 vous donnez votre consentement jusqu\u2019au moment o\u00f9 vous le retirez. Une fois le consentement retir\u00e9, les donn\u00e9es ne seront plus utilis\u00e9es.<\/p>","protected":false},"excerpt":{"rendered":"<p>Politique de confidentialit\u00e9 La pr\u00e9sente Politique de confidentialit\u00e9 et de respect de la vie priv\u00e9e a pour but d\u2019informer les utilisateurs du site caequinoxe66. com de l\u2019utilisation de leurs donn\u00e9es personnelles. L\u2019expression \u00ab donn\u00e9es personnelles \u00bb d\u00e9signe toutes les informations relatives \u00e0 votre personne, par laquelle on peut vous identifier directement ou indirectement. Le Centre [&hellip;]<\/p>","protected":false},"author":1,"featured_media":0,"parent":0,"menu_order":0,"comment_status":"closed","ping_status":"closed","template":"","meta":{"footnotes":""},"class_list":["post-3","page","type-page","status-publish","hentry","entry"],"yoast_head":"<!-- This site is optimized with the Yoast SEO plugin v24.3 - https:\/\/yoast.com\/wordpress\/plugins\/seo\/ -->\n<title>Politique de Confidentialit\u00e9 - Centre d&#039;Affaires \u00c9quinoxe<\/title>\n<meta name=\"description\" content=\"Consultez notre politique de confidentialit\u00e9 pour comprendre comment nous prot\u00e9geons vos donn\u00e9es personnelles et votre vie priv\u00e9e.\" \/>\n<meta name=\"robots\" content=\"index, follow, max-snippet:-1, max-image-preview:large, max-video-preview:-1\" \/>\n<link rel=\"canonical\" href=\"https:\/\/caequinoxe66.com\/es\/politique-de-confidentialite\/\" \/>\n<meta property=\"og:locale\" content=\"es_ES\" \/>\n<meta property=\"og:type\" content=\"article\" \/>\n<meta property=\"og:title\" content=\"Politique de Confidentialit\u00e9 - Centre d&#039;Affaires \u00c9quinoxe\" \/>\n<meta property=\"og:description\" content=\"Consultez notre politique de confidentialit\u00e9 pour comprendre comment nous prot\u00e9geons vos donn\u00e9es personnelles et votre vie priv\u00e9e.\" \/>\n<meta property=\"og:url\" content=\"https:\/\/caequinoxe66.com\/es\/politique-de-confidentialite\/\" \/>\n<meta property=\"og:site_name\" content=\"CA Equinoxe\" \/>\n<meta property=\"article:publisher\" content=\"https:\/\/www.facebook.com\/profile.php?id=100064032933552\" \/>\n<meta property=\"article:modified_time\" content=\"2023-09-12T07:22:47+00:00\" \/>\n<meta name=\"twitter:card\" content=\"summary_large_image\" \/>\n<meta name=\"twitter:label1\" content=\"Tiempo de lectura\" \/>\n\t<meta name=\"twitter:data1\" content=\"5 minutos\" \/>\n<script type=\"application\/ld+json\" class=\"yoast-schema-graph\">{\"@context\":\"https:\/\/schema.org\",\"@graph\":[{\"@type\":\"WebPage\",\"@id\":\"https:\/\/caequinoxe66.com\/politique-de-confidentialite\/\",\"url\":\"https:\/\/caequinoxe66.com\/politique-de-confidentialite\/\",\"name\":\"Politique de Confidentialit\u00e9 - Centre d'Affaires \u00c9quinoxe\",\"isPartOf\":{\"@id\":\"https:\/\/caequinoxe66.com\/#website\"},\"datePublished\":\"2023-07-21T14:33:46+00:00\",\"dateModified\":\"2023-09-12T07:22:47+00:00\",\"description\":\"Consultez notre politique de confidentialit\u00e9 pour comprendre comment nous prot\u00e9geons vos donn\u00e9es personnelles et votre vie priv\u00e9e.\",\"breadcrumb\":{\"@id\":\"https:\/\/caequinoxe66.com\/politique-de-confidentialite\/#breadcrumb\"},\"inLanguage\":\"es\",\"potentialAction\":[{\"@type\":\"ReadAction\",\"target\":[\"https:\/\/caequinoxe66.com\/politique-de-confidentialite\/\"]}]},{\"@type\":\"BreadcrumbList\",\"@id\":\"https:\/\/caequinoxe66.com\/politique-de-confidentialite\/#breadcrumb\",\"itemListElement\":[{\"@type\":\"ListItem\",\"position\":1,\"name\":\"Accueil\",\"item\":\"https:\/\/caequinoxe66.com\/\"},{\"@type\":\"ListItem\",\"position\":2,\"name\":\"Politique de confidentialit\u00e9\"}]},{\"@type\":\"WebSite\",\"@id\":\"https:\/\/caequinoxe66.com\/#website\",\"url\":\"https:\/\/caequinoxe66.com\/\",\"name\":\"CA Equinoxe\",\"description\":\"Centre d&#039;Affaires Equinoxe\",\"publisher\":{\"@id\":\"https:\/\/caequinoxe66.com\/#organization\"},\"potentialAction\":[{\"@type\":\"SearchAction\",\"target\":{\"@type\":\"EntryPoint\",\"urlTemplate\":\"https:\/\/caequinoxe66.com\/?s={search_term_string}\"},\"query-input\":{\"@type\":\"PropertyValueSpecification\",\"valueRequired\":true,\"valueName\":\"search_term_string\"}}],\"inLanguage\":\"es\"},{\"@type\":\"Organization\",\"@id\":\"https:\/\/caequinoxe66.com\/#organization\",\"name\":\"Centre d'affaires Equinoxe\",\"url\":\"https:\/\/caequinoxe66.com\/\",\"logo\":{\"@type\":\"ImageObject\",\"inLanguage\":\"es\",\"@id\":\"https:\/\/caequinoxe66.com\/#\/schema\/logo\/image\/\",\"url\":\"https:\/\/caequinoxe66.com\/wp-content\/uploads\/2023\/07\/cropped-1.png\",\"contentUrl\":\"https:\/\/caequinoxe66.com\/wp-content\/uploads\/2023\/07\/cropped-1.png\",\"width\":222,\"height\":272,\"caption\":\"Centre d'affaires Equinoxe\"},\"image\":{\"@id\":\"https:\/\/caequinoxe66.com\/#\/schema\/logo\/image\/\"},\"sameAs\":[\"https:\/\/www.facebook.com\/profile.php?id=100064032933552\",\"https:\/\/www.instagram.com\/centredaffairesequinoxe\/\"]}]}<\/script>\n<!-- \/ Yoast SEO plugin. -->","yoast_head_json":{"title":"Politique de Confidentialit\u00e9 - Centre d'Affaires \u00c9quinoxe","description":"Consultez notre politique de confidentialit\u00e9 pour comprendre comment nous prot\u00e9geons vos donn\u00e9es personnelles et votre vie priv\u00e9e.","robots":{"index":"index","follow":"follow","max-snippet":"max-snippet:-1","max-image-preview":"max-image-preview:large","max-video-preview":"max-video-preview:-1"},"canonical":"https:\/\/caequinoxe66.com\/es\/politique-de-confidentialite\/","og_locale":"es_ES","og_type":"article","og_title":"Politique de Confidentialit\u00e9 - Centre d'Affaires \u00c9quinoxe","og_description":"Consultez notre politique de confidentialit\u00e9 pour comprendre comment nous prot\u00e9geons vos donn\u00e9es personnelles et votre vie priv\u00e9e.","og_url":"https:\/\/caequinoxe66.com\/es\/politique-de-confidentialite\/","og_site_name":"CA Equinoxe","article_publisher":"https:\/\/www.facebook.com\/profile.php?id=100064032933552","article_modified_time":"2023-09-12T07:22:47+00:00","twitter_card":"summary_large_image","twitter_misc":{"Tiempo de lectura":"5 minutos"},"schema":{"@context":"https:\/\/schema.org","@graph":[{"@type":"WebPage","@id":"https:\/\/caequinoxe66.com\/politique-de-confidentialite\/","url":"https:\/\/caequinoxe66.com\/politique-de-confidentialite\/","name":"Politique de Confidentialit\u00e9 - Centre d'Affaires \u00c9quinoxe","isPartOf":{"@id":"https:\/\/caequinoxe66.com\/#website"},"datePublished":"2023-07-21T14:33:46+00:00","dateModified":"2023-09-12T07:22:47+00:00","description":"Consultez notre politique de confidentialit\u00e9 pour comprendre comment nous prot\u00e9geons vos donn\u00e9es personnelles et votre vie priv\u00e9e.","breadcrumb":{"@id":"https:\/\/caequinoxe66.com\/politique-de-confidentialite\/#breadcrumb"},"inLanguage":"es","potentialAction":[{"@type":"ReadAction","target":["https:\/\/caequinoxe66.com\/politique-de-confidentialite\/"]}]},{"@type":"BreadcrumbList","@id":"https:\/\/caequinoxe66.com\/politique-de-confidentialite\/#breadcrumb","itemListElement":[{"@type":"ListItem","position":1,"name":"Accueil","item":"https:\/\/caequinoxe66.com\/"},{"@type":"ListItem","position":2,"name":"Politique de confidentialit\u00e9"}]},{"@type":"WebSite","@id":"https:\/\/caequinoxe66.com\/#website","url":"https:\/\/caequinoxe66.com\/","name":"CA Equinoxe","description":"Centre d&#039;Affaires Equinoxe","publisher":{"@id":"https:\/\/caequinoxe66.com\/#organization"},"potentialAction":[{"@type":"SearchAction","target":{"@type":"EntryPoint","urlTemplate":"https:\/\/caequinoxe66.com\/?s={search_term_string}"},"query-input":{"@type":"PropertyValueSpecification","valueRequired":true,"valueName":"search_term_string"}}],"inLanguage":"es"},{"@type":"Organization","@id":"https:\/\/caequinoxe66.com\/#organization","name":"Centre d'affaires Equinoxe","url":"https:\/\/caequinoxe66.com\/","logo":{"@type":"ImageObject","inLanguage":"es","@id":"https:\/\/caequinoxe66.com\/#\/schema\/logo\/image\/","url":"https:\/\/caequinoxe66.com\/wp-content\/uploads\/2023\/07\/cropped-1.png","contentUrl":"https:\/\/caequinoxe66.com\/wp-content\/uploads\/2023\/07\/cropped-1.png","width":222,"height":272,"caption":"Centre d'affaires Equinoxe"},"image":{"@id":"https:\/\/caequinoxe66.com\/#\/schema\/logo\/image\/"},"sameAs":["https:\/\/www.facebook.com\/profile.php?id=100064032933552","https:\/\/www.instagram.com\/centredaffairesequinoxe\/"]}]}},"_links":{"self":[{"href":"https:\/\/caequinoxe66.com\/es\/wp-json\/wp\/v2\/pages\/3","targetHints":{"allow":["GET"]}}],"collection":[{"href":"https:\/\/caequinoxe66.com\/es\/wp-json\/wp\/v2\/pages"}],"about":[{"href":"https:\/\/caequinoxe66.com\/es\/wp-json\/wp\/v2\/types\/page"}],"author":[{"embeddable":true,"href":"https:\/\/caequinoxe66.com\/es\/wp-json\/wp\/v2\/users\/1"}],"replies":[{"embeddable":true,"href":"https:\/\/caequinoxe66.com\/es\/wp-json\/wp\/v2\/comments?post=3"}],"version-history":[{"count":7,"href":"https:\/\/caequinoxe66.com\/es\/wp-json\/wp\/v2\/pages\/3\/revisions"}],"predecessor-version":[{"id":1163,"href":"https:\/\/caequinoxe66.com\/es\/wp-json\/wp\/v2\/pages\/3\/revisions\/1163"}],"wp:attachment":[{"href":"https:\/\/caequinoxe66.com\/es\/wp-json\/wp\/v2\/media?parent=3"}],"curies":[{"name":"wp","href":"https:\/\/api.w.org\/{rel}","templated":true}]}}