{"id":395,"date":"2023-07-26T14:01:43","date_gmt":"2023-07-26T14:01:43","guid":{"rendered":"http:\/\/caequinoxe66.com\/?page_id=395"},"modified":"2023-08-29T08:49:51","modified_gmt":"2023-08-29T08:49:51","slug":"reservation-bureaux-salles-formulaire","status":"publish","type":"page","link":"https:\/\/caequinoxe66.com\/es\/reservation-bureaux-salles-formulaire\/","title":{"rendered":"R\u00e9servation"},"content":{"rendered":"<div data-elementor-type=\"wp-page\" data-elementor-id=\"395\" class=\"elementor elementor-395\">\n\t\t\t\t\t\t<section class=\"elementor-section elementor-top-section elementor-element elementor-element-14e9a96 elementor-section-boxed elementor-section-height-default elementor-section-height-default\" data-id=\"14e9a96\" data-element_type=\"section\">\n\t\t\t\t\t\t<div class=\"elementor-container elementor-column-gap-default\">\n\t\t\t\t\t<div class=\"elementor-column elementor-col-100 elementor-top-column elementor-element elementor-element-a3a0a4a\" data-id=\"a3a0a4a\" data-element_type=\"column\">\n\t\t\t<div class=\"elementor-widget-wrap elementor-element-populated\">\n\t\t\t\t\t\t<div class=\"elementor-element elementor-element-ddbc5d3 elementor-widget elementor-widget-heading\" data-id=\"ddbc5d3\" data-element_type=\"widget\" data-widget_type=\"heading.default\">\n\t\t\t\t<div class=\"elementor-widget-container\">\n\t\t\t\t\t<h2 class=\"elementor-heading-title elementor-size-default\">Re<b>serve su espacio<\/b><\/h2>\t\t\t\t<\/div>\n\t\t\t\t<\/div>\n\t\t\t\t<div class=\"elementor-element elementor-element-211fe35 elementor-widget elementor-widget-formidable\" data-id=\"211fe35\" data-element_type=\"widget\" data-widget_type=\"formidable.default\">\n\t\t\t\t<div class=\"elementor-widget-container\">\n\t\t\t\t\t<div class=\"frm_forms  with_frm_style frm_style_style-formidable\" id=\"frm_form_3_container\" data-token=\"25e754b768b40952b7b4c07cdc734ac8\">\n<form enctype=\"multipart\/form-data\" method=\"post\" class=\"frm-show-form\" id=\"form_rservation\" data-token=\"25e754b768b40952b7b4c07cdc734ac8\" action=\"\">\n<div class=\"frm_form_fields\">\n<fieldset>\n<legend class=\"frm_screen_reader\">R\u00e9servation<\/legend>\r\n\r\n<div class=\"frm_fields_container\">\n<input type=\"hidden\" name=\"frm_action\" value=\"create\" \/>\n<input type=\"hidden\" name=\"form_id\" value=\"3\" \/>\n<input type=\"hidden\" name=\"frm_hide_fields_3\" id=\"frm_hide_fields_3\" value=\"\" \/>\n<input type=\"hidden\" name=\"form_key\" value=\"rservation\" \/>\n<input type=\"hidden\" name=\"item_meta[0]\" value=\"\" \/>\n<input type=\"hidden\" id=\"frm_submit_entry_3\" name=\"frm_submit_entry_3\" value=\"f19eea8a3b\" \/><input type=\"hidden\" name=\"_wp_http_referer\" value=\"\/es\/wp-json\/wp\/v2\/pages\/395\" \/><div id=\"frm_field_16_container\" class=\"frm_form_field form-field  frm_required_field frm_top_container frm6 frm_first\">\r\n    <label for=\"field_xo5jn\" id=\"field_xo5jn_label\" class=\"frm_primary_label\">Nombre\r\n        <span class=\"frm_required\" aria-hidden=\"true\">*<\/span>\r\n    <\/label>\r\n    <input type=\"text\" id=\"field_xo5jn\" name=\"item_meta[16]\" value=\"\"  data-reqmsg=\"Ce champ ne peut pas \u00eatre vide\" aria-required=\"true\" data-invmsg=\"texte est non valide\" aria-invalid=\"false\"  \/>\r\n    \r\n    \r\n<\/div>\n<div id=\"frm_field_17_container\" class=\"frm_form_field form-field  frm_required_field frm_top_container frm6\">\r\n    <label for=\"field_vccf6\" id=\"field_vccf6_label\" class=\"frm_primary_label\">Apellido\r\n        <span class=\"frm_required\" aria-hidden=\"true\">*<\/span>\r\n    <\/label>\r\n    <input type=\"text\" id=\"field_vccf6\" name=\"item_meta[17]\" value=\"\"  data-reqmsg=\"Ce champ ne peut pas \u00eatre vide\" aria-required=\"true\" data-invmsg=\"texte est non valide\" aria-invalid=\"false\"  \/>\r\n    \r\n    \r\n<\/div>\n<div id=\"frm_field_18_container\" class=\"frm_form_field form-field  frm_top_container frm6 frm_first\">\r\n    <label for=\"field_tp6av\" id=\"field_tp6av_label\" class=\"frm_primary_label\">Nombre de la empresa\r\n        <span class=\"frm_required\" aria-hidden=\"true\"><\/span>\r\n    <\/label>\r\n    <input type=\"text\" id=\"field_tp6av\" name=\"item_meta[18]\" value=\"\"  data-invmsg=\"texte est non valide\" aria-invalid=\"false\"  \/>\r\n    \r\n    \r\n<\/div>\n<div id=\"frm_field_20_container\" class=\"frm_form_field form-field  frm_top_container frm6\">\r\n    <label for=\"field_bq8nj\" id=\"field_bq8nj_label\" class=\"frm_primary_label\">Tel\u00e9fono\r\n        <span class=\"frm_required\" aria-hidden=\"true\"><\/span>\r\n    <\/label>\r\n    <input type=\"tel\" id=\"field_bq8nj\" name=\"item_meta[20]\" value=\"\"  data-invmsg=\"T\u00e9l\u00e9phone est non valide\" aria-invalid=\"false\" pattern=\"((\\+\\d{1,3}(-|.| )?\\(?\\d\\)?(-| |.)?\\d{1,5})|(\\(?\\d{2,6}\\)?))(-|.| )?(\\d{3,4})(-|.| )?(\\d{4})(( x| ext)\\d{1,5}){0,1}$\"  \/>\r\n    \r\n    \r\n<\/div>\n<div id=\"frm_field_21_container\" class=\"frm_form_field form-field  frm_required_field frm_top_container\">\r\n    <label for=\"field_3c8kv\" id=\"field_3c8kv_label\" class=\"frm_primary_label\">Correo electr\u00f3nico\r\n        <span class=\"frm_required\" aria-hidden=\"true\">*<\/span>\r\n    <\/label>\r\n    <input type=\"email\" id=\"field_3c8kv\" name=\"item_meta[21]\" value=\"\"  data-reqmsg=\"Ce champ ne peut pas \u00eatre vide\" aria-required=\"true\" data-invmsg=\"Email est non valide\" aria-invalid=\"false\"  \/>\r\n    \r\n    \r\n<\/div>\n<div id=\"frm_field_24_container\" class=\"frm_form_field form-field  frm_required_field frm_top_container frm6 frm_first\">\r\n    <label for=\"field_904ro\" id=\"field_904ro_label\" class=\"frm_primary_label\">Espacio elegido\r\n        <span class=\"frm_required\" aria-hidden=\"true\">*<\/span>\r\n    <\/label>\r\n    \t\t<select name=\"item_meta[24]\" id=\"field_904ro\"  data-reqmsg=\"Ce champ ne peut pas \u00eatre vide\" aria-required=\"true\" data-invmsg=\"Espace choisi no es v\u00e1lido\" aria-invalid=\"false\"  >\n\t\t<option  value=\"\" selected='selected'> <\/option><option  value=\"Bureau simple\">Bureau simple<\/option><option  value=\"Bureau double\">Bureau double<\/option><option  value=\"Espace r\u00e9union\">Espacio de reuni\u00f3n<\/option><option  value=\"Salle de r\u00e9union\">Sala de reuni\u00f3n<\/option>\t<\/select>\n\t\r\n    \r\n    \r\n<\/div>\n<div id=\"frm_field_25_container\" class=\"frm_form_field form-field  frm_top_container frm6 vertical_radio\">\r\n    <div  id=\"field_mm1n_label\" class=\"frm_primary_label\">Duraci\u00f3n \r\n        <span class=\"frm_required\" aria-hidden=\"true\"><\/span>\r\n    <\/div>\r\n    <div class=\"frm_opt_container\" aria-labelledby=\"field_mm1n_label\" role=\"group\">\t\t<div class=\"frm_checkbox\" id=\"frm_checkbox_25-0\">\t\t\t<label  for=\"field_mm1n-0\">\n\t\t\t<input type=\"checkbox\" name=\"item_meta[25][]\" id=\"field_mm1n-0\" value=\"\u00e0 l&#039;heure\"  data-invmsg=\"Dur\u00e9e  no es v\u00e1lido\" aria-invalid=\"false\"   \/> a la hora<\/label><\/div>\n\t\t<div class=\"frm_checkbox\" id=\"frm_checkbox_25-1\">\t\t\t<label  for=\"field_mm1n-1\">\n\t\t\t<input type=\"checkbox\" name=\"item_meta[25][]\" id=\"field_mm1n-1\" value=\"\u00e0 la demi-journ\u00e9e\"  data-invmsg=\"Dur\u00e9e  no es v\u00e1lido\" aria-invalid=\"false\"   \/> por medio d\u00eda<\/label><\/div>\n\t\t<div class=\"frm_checkbox\" id=\"frm_checkbox_25-2\">\t\t\t<label  for=\"field_mm1n-2\">\n\t\t\t<input type=\"checkbox\" name=\"item_meta[25][]\" id=\"field_mm1n-2\" value=\"\u00e0 la journ\u00e9e\"  data-invmsg=\"Dur\u00e9e  no es v\u00e1lido\" aria-invalid=\"false\"   \/> por d\u00eda<\/label><\/div>\n\t\t<div class=\"frm_checkbox\" id=\"frm_checkbox_25-3\">\t\t\t<label  for=\"field_mm1n-3\">\n\t\t\t<input type=\"checkbox\" name=\"item_meta[25][]\" id=\"field_mm1n-3\" value=\"au mois\"  data-invmsg=\"Dur\u00e9e  no es v\u00e1lido\" aria-invalid=\"false\"   \/> al mes<\/label><\/div>\n<\/div>\r\n    \r\n    \r\n<\/div>\n<div id=\"frm_field_31_container\" class=\"frm_form_field form-field  frm_top_container frm3 frm_first\">\r\n    <label for=\"field_9z5vg\" id=\"field_9z5vg_label\" class=\"frm_primary_label\">D\u00eda \r\n        <span class=\"frm_required\" aria-hidden=\"true\"><\/span>\r\n    <\/label>\r\n    <input type=\"number\" id=\"field_9z5vg\" name=\"item_meta[31]\" value=\"\"  data-invmsg=\"Nombre est non valide\" aria-invalid=\"false\"   min=\"0\" max=\"31\" step=\"any\"\/>\r\n    \r\n    \r\n<\/div>\n<div id=\"frm_field_32_container\" class=\"frm_form_field form-field  frm_top_container frm3\">\r\n    <label for=\"field_ogswv\" id=\"field_ogswv_label\" class=\"frm_primary_label\">Mes\r\n        <span class=\"frm_required\" aria-hidden=\"true\"><\/span>\r\n    <\/label>\r\n    <input type=\"number\" id=\"field_ogswv\" name=\"item_meta[32]\" value=\"\"  data-invmsg=\"Nombre est non valide\" aria-invalid=\"false\"   min=\"1\" max=\"12\" step=\"any\"\/>\r\n    \r\n    \r\n<\/div>\n<div id=\"frm_field_33_container\" class=\"frm_form_field form-field  frm_top_container frm3\">\r\n    <label for=\"field_8oimb\" id=\"field_8oimb_label\" class=\"frm_primary_label\">A\u00f1o\r\n        <span class=\"frm_required\" aria-hidden=\"true\"><\/span>\r\n    <\/label>\r\n    <input type=\"number\" id=\"field_8oimb\" name=\"item_meta[33]\" value=\"\"  data-invmsg=\"Nombre est non valide\" aria-invalid=\"false\"   min=\"2023\" max=\"2035\" step=\"any\"\/>\r\n    \r\n    \r\n<\/div>\n<div id=\"frm_field_35_container\" class=\"frm_form_field form-field  frm_top_container frm3\">\r\n    <label for=\"field_4jv97\" id=\"field_4jv97_label\" class=\"frm_primary_label\">Horarios\r\n        <span class=\"frm_required\" aria-hidden=\"true\"><\/span>\r\n    <\/label>\r\n    <input type=\"text\" id=\"field_4jv97\" name=\"item_meta[35]\" value=\"\"  data-invmsg=\"texte est non valide\" aria-invalid=\"false\"  \/>\r\n    \r\n    \r\n<\/div>\n<div id=\"frm_field_28_container\" class=\"frm_form_field form-field  frm_top_container frm12 frm_first\">\r\n    <label for=\"field_pqqt0\" id=\"field_pqqt0_label\" class=\"frm_primary_label\">Su mensaje \r\n        <span class=\"frm_required\" aria-hidden=\"true\"><\/span>\r\n    <\/label>\r\n    <textarea name=\"item_meta[28]\" id=\"field_pqqt0\" rows=\"5\"  data-invmsg=\"Votre message  no es v\u00e1lido\" aria-invalid=\"false\"  ><\/textarea>\r\n    \r\n    \r\n<\/div>\n<div id=\"frm_field_40_container\" class=\"frm_form_field form-field  frm_none_container\">\r\n    <label for=\"g-recaptcha-response\" id=\"field_no50d_label\" class=\"frm_primary_label\">Captcha\r\n        <span class=\"frm_required\" aria-hidden=\"true\"><\/span>\r\n    <\/label>\r\n    <div  id=\"field_no50d\" class=\"frm-g-recaptcha\" data-sitekey=\"6LfQMSApAAAAANw6ZIF-pC-O1M58PlUv6e_8ffrz\" data-size=\"invisible\" data-theme=\"light\"><\/div>\r\n    \r\n    \r\n<\/div>\n\t<input type=\"hidden\" name=\"item_key\" value=\"\" \/>\n\t\t\t\t<div class=\"frm__6523cc8662206\">\n\t\t\t\t<label for=\"frm_email_3\" >\n\t\t\t\t\tSi eres humano, deja este campo en blanco.\t\t\t\t<\/label>\n\t\t\t\t<input  id=\"frm_email_3\" type=\"text\" class=\"frm_verify\" name=\"frm__6523cc8662206\" value=\"\" autocomplete=\"off\"  \/>\n\t\t\t<\/div>\n\t\t<div class=\"frm_submit\">\r\n\r\n<button class=\"frm_button_submit\" type=\"submit\"  >Enviar<\/button>\r\n\r\n\r\n<\/div><\/div>\n<\/fieldset>\n<\/div>\n\n<input type=\"hidden\" name=\"trp-form-language\" value=\"es\"\/><\/form>\n<\/div>\n\t\t\t\t<\/div>\n\t\t\t\t<\/div>\n\t\t\t\t\t<\/div>\n\t\t<\/div>\n\t\t\t\t\t<\/div>\n\t\t<\/section>\n\t\t\t\t<\/div>","protected":false},"excerpt":{"rendered":"<p>R\u00e9servation de votre espace R\u00e9servation Pr\u00e9nom * Nom * Nom soci\u00e9t\u00e9 T\u00e9l\u00e9phone * Email * Espace choisi * Bureau simpleBureau doubleEspace r\u00e9unionSalle de r\u00e9union Dur\u00e9e \u00e0 l&rsquo;heure \u00e0 la demi-journ\u00e9e \u00e0 la journ\u00e9e au mois Jour Mois Ann\u00e9e Horaires Votre message Si vous \u00eates un humain, ne remplissez pas ce champ. R\u00e9server<\/p>","protected":false},"author":1,"featured_media":0,"parent":0,"menu_order":0,"comment_status":"closed","ping_status":"closed","template":"","meta":{"footnotes":""},"class_list":["post-395","page","type-page","status-publish","hentry","entry"],"yoast_head":"<!-- This site is optimized with the Yoast SEO plugin v24.3 - https:\/\/yoast.com\/wordpress\/plugins\/seo\/ -->\n<title>R\u00e9servation Bureaux et Salles de R\u00e9union : Formulaire en ligne<\/title>\n<meta name=\"description\" content=\"R\u00e9servation de bureaux et salles de r\u00e9union de qualit\u00e9 en ligne. Choisissez d\u00e8s maintenant votre espace id\u00e9al !\" \/>\n<meta name=\"robots\" content=\"index, follow, max-snippet:-1, max-image-preview:large, max-video-preview:-1\" \/>\n<link rel=\"canonical\" href=\"https:\/\/caequinoxe66.com\/es\/reservation-bureaux-salles-formulaire\/\" \/>\n<meta property=\"og:locale\" content=\"es_ES\" \/>\n<meta property=\"og:type\" content=\"article\" \/>\n<meta property=\"og:title\" content=\"R\u00e9servation Bureaux et Salles de R\u00e9union : Formulaire en ligne\" \/>\n<meta property=\"og:description\" content=\"R\u00e9servation de bureaux et salles de r\u00e9union de qualit\u00e9 en ligne. Choisissez d\u00e8s maintenant votre espace id\u00e9al !\" \/>\n<meta property=\"og:url\" content=\"https:\/\/caequinoxe66.com\/es\/reservation-bureaux-salles-formulaire\/\" \/>\n<meta property=\"og:site_name\" content=\"CA Equinoxe\" \/>\n<meta property=\"article:publisher\" content=\"https:\/\/www.facebook.com\/profile.php?id=100064032933552\" \/>\n<meta property=\"article:modified_time\" content=\"2023-08-29T08:49:51+00:00\" \/>\n<meta name=\"twitter:card\" content=\"summary_large_image\" \/>\n<meta name=\"twitter:label1\" content=\"Tiempo de lectura\" \/>\n\t<meta name=\"twitter:data1\" content=\"1 minuto\" \/>\n<script type=\"application\/ld+json\" class=\"yoast-schema-graph\">{\"@context\":\"https:\/\/schema.org\",\"@graph\":[{\"@type\":\"WebPage\",\"@id\":\"https:\/\/caequinoxe66.com\/reservation-bureaux-salles-formulaire\/\",\"url\":\"https:\/\/caequinoxe66.com\/reservation-bureaux-salles-formulaire\/\",\"name\":\"R\u00e9servation Bureaux et Salles de R\u00e9union : Formulaire en ligne\",\"isPartOf\":{\"@id\":\"https:\/\/caequinoxe66.com\/#website\"},\"datePublished\":\"2023-07-26T14:01:43+00:00\",\"dateModified\":\"2023-08-29T08:49:51+00:00\",\"description\":\"R\u00e9servation de bureaux et salles de r\u00e9union de qualit\u00e9 en ligne. Choisissez d\u00e8s maintenant votre espace id\u00e9al !\",\"breadcrumb\":{\"@id\":\"https:\/\/caequinoxe66.com\/reservation-bureaux-salles-formulaire\/#breadcrumb\"},\"inLanguage\":\"es\",\"potentialAction\":[{\"@type\":\"ReadAction\",\"target\":[\"https:\/\/caequinoxe66.com\/reservation-bureaux-salles-formulaire\/\"]}]},{\"@type\":\"BreadcrumbList\",\"@id\":\"https:\/\/caequinoxe66.com\/reservation-bureaux-salles-formulaire\/#breadcrumb\",\"itemListElement\":[{\"@type\":\"ListItem\",\"position\":1,\"name\":\"Accueil\",\"item\":\"https:\/\/caequinoxe66.com\/\"},{\"@type\":\"ListItem\",\"position\":2,\"name\":\"R\u00e9servation\"}]},{\"@type\":\"WebSite\",\"@id\":\"https:\/\/caequinoxe66.com\/#website\",\"url\":\"https:\/\/caequinoxe66.com\/\",\"name\":\"CA Equinoxe\",\"description\":\"Centre d&#039;Affaires Equinoxe\",\"publisher\":{\"@id\":\"https:\/\/caequinoxe66.com\/#organization\"},\"potentialAction\":[{\"@type\":\"SearchAction\",\"target\":{\"@type\":\"EntryPoint\",\"urlTemplate\":\"https:\/\/caequinoxe66.com\/?s={search_term_string}\"},\"query-input\":{\"@type\":\"PropertyValueSpecification\",\"valueRequired\":true,\"valueName\":\"search_term_string\"}}],\"inLanguage\":\"es\"},{\"@type\":\"Organization\",\"@id\":\"https:\/\/caequinoxe66.com\/#organization\",\"name\":\"Centre d'affaires Equinoxe\",\"url\":\"https:\/\/caequinoxe66.com\/\",\"logo\":{\"@type\":\"ImageObject\",\"inLanguage\":\"es\",\"@id\":\"https:\/\/caequinoxe66.com\/#\/schema\/logo\/image\/\",\"url\":\"https:\/\/caequinoxe66.com\/wp-content\/uploads\/2023\/07\/cropped-1.png\",\"contentUrl\":\"https:\/\/caequinoxe66.com\/wp-content\/uploads\/2023\/07\/cropped-1.png\",\"width\":222,\"height\":272,\"caption\":\"Centre d'affaires Equinoxe\"},\"image\":{\"@id\":\"https:\/\/caequinoxe66.com\/#\/schema\/logo\/image\/\"},\"sameAs\":[\"https:\/\/www.facebook.com\/profile.php?id=100064032933552\",\"https:\/\/www.instagram.com\/centredaffairesequinoxe\/\"]}]}<\/script>\n<!-- \/ Yoast SEO plugin. -->","yoast_head_json":{"title":"R\u00e9servation Bureaux et Salles de R\u00e9union : Formulaire en ligne","description":"R\u00e9servation de bureaux et salles de r\u00e9union de qualit\u00e9 en ligne. Choisissez d\u00e8s maintenant votre espace id\u00e9al !","robots":{"index":"index","follow":"follow","max-snippet":"max-snippet:-1","max-image-preview":"max-image-preview:large","max-video-preview":"max-video-preview:-1"},"canonical":"https:\/\/caequinoxe66.com\/es\/reservation-bureaux-salles-formulaire\/","og_locale":"es_ES","og_type":"article","og_title":"R\u00e9servation Bureaux et Salles de R\u00e9union : Formulaire en ligne","og_description":"R\u00e9servation de bureaux et salles de r\u00e9union de qualit\u00e9 en ligne. Choisissez d\u00e8s maintenant votre espace id\u00e9al !","og_url":"https:\/\/caequinoxe66.com\/es\/reservation-bureaux-salles-formulaire\/","og_site_name":"CA Equinoxe","article_publisher":"https:\/\/www.facebook.com\/profile.php?id=100064032933552","article_modified_time":"2023-08-29T08:49:51+00:00","twitter_card":"summary_large_image","twitter_misc":{"Tiempo de lectura":"1 minuto"},"schema":{"@context":"https:\/\/schema.org","@graph":[{"@type":"WebPage","@id":"https:\/\/caequinoxe66.com\/reservation-bureaux-salles-formulaire\/","url":"https:\/\/caequinoxe66.com\/reservation-bureaux-salles-formulaire\/","name":"R\u00e9servation Bureaux et Salles de R\u00e9union : Formulaire en ligne","isPartOf":{"@id":"https:\/\/caequinoxe66.com\/#website"},"datePublished":"2023-07-26T14:01:43+00:00","dateModified":"2023-08-29T08:49:51+00:00","description":"R\u00e9servation de bureaux et salles de r\u00e9union de qualit\u00e9 en ligne. Choisissez d\u00e8s maintenant votre espace id\u00e9al !","breadcrumb":{"@id":"https:\/\/caequinoxe66.com\/reservation-bureaux-salles-formulaire\/#breadcrumb"},"inLanguage":"es","potentialAction":[{"@type":"ReadAction","target":["https:\/\/caequinoxe66.com\/reservation-bureaux-salles-formulaire\/"]}]},{"@type":"BreadcrumbList","@id":"https:\/\/caequinoxe66.com\/reservation-bureaux-salles-formulaire\/#breadcrumb","itemListElement":[{"@type":"ListItem","position":1,"name":"Accueil","item":"https:\/\/caequinoxe66.com\/"},{"@type":"ListItem","position":2,"name":"R\u00e9servation"}]},{"@type":"WebSite","@id":"https:\/\/caequinoxe66.com\/#website","url":"https:\/\/caequinoxe66.com\/","name":"CA Equinoxe","description":"Centre d&#039;Affaires Equinoxe","publisher":{"@id":"https:\/\/caequinoxe66.com\/#organization"},"potentialAction":[{"@type":"SearchAction","target":{"@type":"EntryPoint","urlTemplate":"https:\/\/caequinoxe66.com\/?s={search_term_string}"},"query-input":{"@type":"PropertyValueSpecification","valueRequired":true,"valueName":"search_term_string"}}],"inLanguage":"es"},{"@type":"Organization","@id":"https:\/\/caequinoxe66.com\/#organization","name":"Centre d'affaires Equinoxe","url":"https:\/\/caequinoxe66.com\/","logo":{"@type":"ImageObject","inLanguage":"es","@id":"https:\/\/caequinoxe66.com\/#\/schema\/logo\/image\/","url":"https:\/\/caequinoxe66.com\/wp-content\/uploads\/2023\/07\/cropped-1.png","contentUrl":"https:\/\/caequinoxe66.com\/wp-content\/uploads\/2023\/07\/cropped-1.png","width":222,"height":272,"caption":"Centre d'affaires Equinoxe"},"image":{"@id":"https:\/\/caequinoxe66.com\/#\/schema\/logo\/image\/"},"sameAs":["https:\/\/www.facebook.com\/profile.php?id=100064032933552","https:\/\/www.instagram.com\/centredaffairesequinoxe\/"]}]}},"_links":{"self":[{"href":"https:\/\/caequinoxe66.com\/es\/wp-json\/wp\/v2\/pages\/395","targetHints":{"allow":["GET"]}}],"collection":[{"href":"https:\/\/caequinoxe66.com\/es\/wp-json\/wp\/v2\/pages"}],"about":[{"href":"https:\/\/caequinoxe66.com\/es\/wp-json\/wp\/v2\/types\/page"}],"author":[{"embeddable":true,"href":"https:\/\/caequinoxe66.com\/es\/wp-json\/wp\/v2\/users\/1"}],"replies":[{"embeddable":true,"href":"https:\/\/caequinoxe66.com\/es\/wp-json\/wp\/v2\/comments?post=395"}],"version-history":[{"count":9,"href":"https:\/\/caequinoxe66.com\/es\/wp-json\/wp\/v2\/pages\/395\/revisions"}],"predecessor-version":[{"id":989,"href":"https:\/\/caequinoxe66.com\/es\/wp-json\/wp\/v2\/pages\/395\/revisions\/989"}],"wp:attachment":[{"href":"https:\/\/caequinoxe66.com\/es\/wp-json\/wp\/v2\/media?parent=395"}],"curies":[{"name":"wp","href":"https:\/\/api.w.org\/{rel}","templated":true}]}}